{"id":105,"date":"2016-02-09T11:46:16","date_gmt":"2016-02-09T10:46:16","guid":{"rendered":"http:\/\/no-made.net\/?page_id=105"},"modified":"2020-10-26T13:05:42","modified_gmt":"2020-10-26T12:05:42","slug":"contact","status":"publish","type":"page","link":"https:\/\/no-made.net\/index.php\/contact\/","title":{"rendered":"Qui sommes-nous ?"},"content":{"rendered":"<p><span style=\"color: #0000ff;\"><a style=\"color: #0000ff;\" href=\"https:\/\/no-made.net\/wp-content\/uploads\/2016\/02\/statutssign\u00e9s-1.pdf\">Les statuts de l&rsquo;association<\/a><\/span><\/p>\n<p><a href=\"https:\/\/no-made.net\/wp-content\/uploads\/2020\/10\/bilanmoral2020.pdf\"><span style=\"color: #0000ff;\">Bilan moral 2020<\/span><\/a><\/p>\n<p><span style=\"color: #0000ff;\"><a style=\"color: #0000ff;\" href=\"https:\/\/no-made.net\/wp-content\/uploads\/2020\/06\/Sans-titre-1.png\">Comptes ann\u00e9e 2019<\/a><\/span><\/p>\n<p><span style=\"color: #0000ff;\"><a style=\"color: #0000ff;\" href=\"https:\/\/no-made.net\/wp-content\/uploads\/2019\/04\/Sans-titre.pdf\">Bilan ann\u00e9e 2018<\/a><\/span><\/p>\n<p><span style=\"color: #0000ff;\"><span style=\"caret-color: #0000ff;\"><a href=\"https:\/\/no-made.net\/wp-content\/uploads\/2018\/04\/bilanmoral2017.pdf\"><span style=\"color: #0000ff;\">Bilan moral<\/span><\/a><span style=\"color: #0000ff;\">, <a style=\"color: #0000ff;\" href=\"https:\/\/no-made.net\/wp-content\/uploads\/2018\/04\/Comptabilit\u00e9-2017.pdf\">comptabilit\u00e9<\/a><\/span>, <span style=\"color: #0000ff;\"><a style=\"color: #0000ff;\" href=\"https:\/\/no-made.net\/wp-content\/uploads\/2018\/04\/cerfa_13971-03.pdf\">administration<\/a><\/span> 2017<\/span><\/span><\/p>\n<p><span style=\"color: #0000ff;\"><a style=\"color: #0000ff;\" href=\"https:\/\/no-made.net\/wp-content\/uploads\/2017\/01\/bilanmoral2015.pdf\">Bilan moral 2015<\/a><\/span> et\u00a0<span style=\"color: #0000ff;\"><a style=\"color: #0000ff;\" href=\"https:\/\/no-made.net\/wp-content\/uploads\/2017\/01\/proc\u00e8s-verbal-AG2016.pdf\">assembl\u00e9e g\u00e9n\u00e9rale 2016<\/a><\/span><\/p>\n<p><a style=\"color: #0000ff;\" href=\"https:\/\/no-made.net\/wp-content\/uploads\/2016\/02\/historique_no-made_2016.pdf\">Historique de no-made<\/a><\/p>\n<p><span style=\"color: #0000ff;\"><a style=\"color: #0000ff;\" href=\"https:\/\/no-made.net\/wp-content\/uploads\/2016\/02\/statutssign\u00e9s-1.pdf\">Les statuts de l&rsquo;association<\/a><\/span><\/p>\n<p><a href=\"https:\/\/no-made.net\/wp-content\/uploads\/2019\/11\/bilanmoral2019.pdf\"><span style=\"color: #0000ff;\">Bilan ann\u00e9e 2019<\/span><\/a><\/p>\n<p><span style=\"color: #0000ff;\"><a style=\"color: #0000ff;\" href=\"https:\/\/no-made.net\/wp-content\/uploads\/2020\/06\/Sans-titre-1.png\">Comptes ann\u00e9e 2019<\/a><\/span><\/p>\n<p><span style=\"color: #0000ff;\"><a style=\"color: #0000ff;\" href=\"https:\/\/no-made.net\/wp-content\/uploads\/2019\/04\/Sans-titre.pdf\">Bilan ann\u00e9e 2018<\/a><\/span><\/p>\n<p><span style=\"color: #0000ff;\"><span style=\"caret-color: #0000ff;\"><a href=\"https:\/\/no-made.net\/wp-content\/uploads\/2018\/04\/bilanmoral2017.pdf\"><span style=\"color: #0000ff;\">Bilan moral<\/span><\/a><span style=\"color: #0000ff;\">, <a style=\"color: #0000ff;\" href=\"https:\/\/no-made.net\/wp-content\/uploads\/2018\/04\/Comptabilit\u00e9-2017.pdf\">comptabilit\u00e9<\/a><\/span>, <span style=\"color: #0000ff;\"><a style=\"color: #0000ff;\" href=\"https:\/\/no-made.net\/wp-content\/uploads\/2018\/04\/cerfa_13971-03.pdf\">administration<\/a><\/span> 2017<\/span><\/span><\/p>\n<p><span style=\"color: #0000ff;\"><a style=\"color: #0000ff;\" href=\"https:\/\/no-made.net\/wp-content\/uploads\/2017\/01\/bilanmoral2015.pdf\">Bilan moral 2015<\/a><\/span> et\u00a0<span style=\"color: #0000ff;\"><a style=\"color: #0000ff;\" href=\"https:\/\/no-made.net\/wp-content\/uploads\/2017\/01\/proc\u00e8s-verbal-AG2016.pdf\">assembl\u00e9e g\u00e9n\u00e9rale 2016<\/a><\/span><\/p>\n<p><a style=\"color: #0000ff;\" href=\"https:\/\/no-made.net\/wp-content\/uploads\/2016\/02\/historique_no-made_2016.pdf\">Historique de no-made<\/a><\/p>\n","protected":false},"excerpt":{"rendered":"<p>Les statuts de l&rsquo;association Bilan moral 2020 Comptes ann\u00e9e 2019 Bilan ann\u00e9e 2018 Bilan moral, comptabilit\u00e9, administration 2017 Bilan moral 2015 et\u00a0assembl\u00e9e g\u00e9n\u00e9rale 2016 Historique de no-made Les statuts de l&rsquo;association Bilan ann\u00e9e 2019 Comptes ann\u00e9e 2019 Bilan ann\u00e9e 2018 Bilan moral, comptabilit\u00e9, administration 2017 Bilan moral 2015 et\u00a0assembl\u00e9e g\u00e9n\u00e9rale 2016 Historique de no-made<\/p>\n","protected":false},"author":1,"featured_media":335,"parent":0,"menu_order":0,"comment_status":"closed","ping_status":"closed","template":"","meta":{"jetpack_post_was_ever_published":false,"footnotes":""},"class_list":["post-105","page","type-page","status-publish","has-post-thumbnail","hentry"],"jetpack_sharing_enabled":true,"jetpack_shortlink":"https:\/\/wp.me\/P7iEVt-1H","jetpack-related-posts":[{"id":955,"url":"https:\/\/no-made.net\/index.php\/cap-dail-2019-batir\/","url_meta":{"origin":105,"position":0},"title":"2019 : Cap d&rsquo;Ail, B\u00e2tir","author":"no-made","date":"1 octobre 2019","format":false,"excerpt":"Visite de l'exposition Caterina Aicardi Maria Amos Benoit Barbagli Tom Barbagli Joan Bettini Lorenzo Biagi Catherine Cotto Alex Devaud V\u00e9ronique et Jean Dalloni Louis Doll\u00e9 Gabriel Fabre Christian Fulcheri Denis Gibelin Florence Guillemot-Vilain Mary Joly Jean Pierre Joly Liselott Johnsson Mich\u00e8le Kleijnen Laurine Landry Marie France Lesn\u00e9 Fr\u00e9d\u00e9ric Falsetti St\u00e9phanie\u2026","rel":"","context":"Article similaire","block_context":{"text":"Article similaire","link":""},"img":{"alt_text":"","src":"https:\/\/i0.wp.com\/no-made.net\/wp-content\/uploads\/2019\/10\/Aicardi-web.jpg?resize=350%2C200","width":350,"height":200,"srcset":"https:\/\/i0.wp.com\/no-made.net\/wp-content\/uploads\/2019\/10\/Aicardi-web.jpg?resize=350%2C200 1x, https:\/\/i0.wp.com\/no-made.net\/wp-content\/uploads\/2019\/10\/Aicardi-web.jpg?resize=525%2C300 1.5x"},"classes":[]},{"id":735,"url":"https:\/\/no-made.net\/index.php\/2018-pensees-sauvages\/","url_meta":{"origin":105,"position":1},"title":"2018 : Pens\u00e9es sauvages","author":"no-made","date":"20 septembre 2018","format":false,"excerpt":"Cap d'Ail : cette ann\u00e9e no-made donne carte blanche \u00e0 de jeunes artistes. \u00a0 Communiqu\u00e9 de presse \"pens\u00e9es sauvages\" R\u00e9actions dans la presse locale : \u00a0 \u00a0 \u00a0 \u00a0 \u00a0 \u00a0 \u00a0 Performances : Malou Bonvissuto de la Cie Antipodes sur une chor\u00e9graphie de Lisie Philip \u00a0 \u00a0 \u00a0 \u00a0\u2026","rel":"","context":"Article similaire","block_context":{"text":"Article similaire","link":""},"img":{"alt_text":"","src":"https:\/\/i0.wp.com\/no-made.net\/wp-content\/uploads\/2018\/09\/Kleijnen-pensees-sauvages-web-e1537896167153.jpg?resize=350%2C200","width":350,"height":200,"srcset":"https:\/\/i0.wp.com\/no-made.net\/wp-content\/uploads\/2018\/09\/Kleijnen-pensees-sauvages-web-e1537896167153.jpg?resize=350%2C200 1x, https:\/\/i0.wp.com\/no-made.net\/wp-content\/uploads\/2018\/09\/Kleijnen-pensees-sauvages-web-e1537896167153.jpg?resize=525%2C300 1.5x, https:\/\/i0.wp.com\/no-made.net\/wp-content\/uploads\/2018\/09\/Kleijnen-pensees-sauvages-web-e1537896167153.jpg?resize=700%2C400 2x"},"classes":[]},{"id":341,"url":"https:\/\/no-made.net\/index.php\/contacts-et-liens\/","url_meta":{"origin":105,"position":2},"title":"Contacts et liens","author":"no-made","date":"27 janvier 2017","format":false,"excerpt":"Le pr\u00e9sident no.made.lassos@gmail.com 06 09 03 33 83 Vers les sites des artistes en lien avec no-made Alain Baudry Joan Bettini Nathalie Broyelle Louis Doll\u00e9 Gabriel Fabre Christian Fulcheri Denis Gibelin Florence Guillemot Jean-Pierre Joly Mich\u00e8le Kleijnen Cl\u00e9mence Knaebel Andr\u00e9 Marzuk Veronique Roussiaux Oksana Sokolova Florent Testa Silva Usta Anne-Sophie\u2026","rel":"","context":"Article similaire","block_context":{"text":"Article similaire","link":""},"img":{"alt_text":"","src":"","width":0,"height":0},"classes":[]},{"id":2136,"url":"https:\/\/no-made.net\/index.php\/2022-collection-permanente-a-larbo\/","url_meta":{"origin":105,"position":3},"title":"2022 : Collection Permanente \u00e0 l&rsquo;Arboretum de Roure","author":"no-made","date":"14 ao\u00fbt 2022","format":false,"excerpt":"Le site de l\u2019Arboretum est ouvert toute l\u2019ann\u00e9e et vous accueille de mai \u00e0 octobre de 10h et 18h et de novembre \u00e0 avril de 10h \u00e0 16h - Pour plus d'information, merci de visiter le site de l'Arboretum de Roure (arboretum-roure.org) Quelques photos prises lors du vernissage de la\u2026","rel":"","context":"Article similaire","block_context":{"text":"Article similaire","link":""},"img":{"alt_text":"","src":"https:\/\/i0.wp.com\/no-made.net\/wp-content\/uploads\/2022\/10\/IMG_20221002_110845-scaled.jpg?resize=350%2C200","width":350,"height":200,"srcset":"https:\/\/i0.wp.com\/no-made.net\/wp-content\/uploads\/2022\/10\/IMG_20221002_110845-scaled.jpg?resize=350%2C200 1x, https:\/\/i0.wp.com\/no-made.net\/wp-content\/uploads\/2022\/10\/IMG_20221002_110845-scaled.jpg?resize=525%2C300 1.5x, https:\/\/i0.wp.com\/no-made.net\/wp-content\/uploads\/2022\/10\/IMG_20221002_110845-scaled.jpg?resize=700%2C400 2x, https:\/\/i0.wp.com\/no-made.net\/wp-content\/uploads\/2022\/10\/IMG_20221002_110845-scaled.jpg?resize=1050%2C600 3x, https:\/\/i0.wp.com\/no-made.net\/wp-content\/uploads\/2022\/10\/IMG_20221002_110845-scaled.jpg?resize=1400%2C800 4x"},"classes":[]},{"id":2935,"url":"https:\/\/no-made.net\/index.php\/2023-2024-du-territoire-partage-a-la-non-intervention\/","url_meta":{"origin":105,"position":4},"title":"2024 : Arboretum de Roure, du\u00a0territoire partag\u00e9\u00a0\u00e0 la non-intervention","author":"no-made","date":"4 octobre 2023","format":false,"excerpt":"affiche 2024 d\u00e9finitive Expo en cours - ouverte toute l'ann\u00e9e. L'Arboretum vous acceuille de mai \u00e0 octobre de 10h00 \u00e0 18h00 et de novembre \u00e0 avril de 10h00 \u00e0 16h00 Pour vous rendre \u00e0 l'arboretum Apr\u00e8s le vernissage du 5 octobre 2024, l'exposition est lanc\u00e9e et la r\u00e9flexion continue... En\u2026","rel":"","context":"Article similaire","block_context":{"text":"Article similaire","link":""},"img":{"alt_text":"","src":"https:\/\/i0.wp.com\/no-made.net\/wp-content\/uploads\/2024\/09\/affiche-2024-ete-2025-scaled.jpg?resize=350%2C200","width":350,"height":200,"srcset":"https:\/\/i0.wp.com\/no-made.net\/wp-content\/uploads\/2024\/09\/affiche-2024-ete-2025-scaled.jpg?resize=350%2C200 1x, https:\/\/i0.wp.com\/no-made.net\/wp-content\/uploads\/2024\/09\/affiche-2024-ete-2025-scaled.jpg?resize=525%2C300 1.5x, https:\/\/i0.wp.com\/no-made.net\/wp-content\/uploads\/2024\/09\/affiche-2024-ete-2025-scaled.jpg?resize=700%2C400 2x, https:\/\/i0.wp.com\/no-made.net\/wp-content\/uploads\/2024\/09\/affiche-2024-ete-2025-scaled.jpg?resize=1050%2C600 3x, https:\/\/i0.wp.com\/no-made.net\/wp-content\/uploads\/2024\/09\/affiche-2024-ete-2025-scaled.jpg?resize=1400%2C800 4x"},"classes":[]},{"id":3863,"url":"https:\/\/no-made.net\/","url_meta":{"origin":105,"position":5},"title":"2026 : Arboretum de Roure, l.t.p &#8211; \u00ab\u00a0on peut r\u00e9fl\u00e9chir encore un peu\u2026\u00a0\u00bb","author":"no-made","date":"16 mars 2026","format":false,"excerpt":"l.e t.erritoire p.artag\u00e9 Apr\u00e8s l'AG de vendredi 3 avril, voici le th\u00e8me pour Roure cette ann\u00e9e. On pr\u00e9pare l'appel \u00e0 projets...","rel":"","context":"Article similaire","block_context":{"text":"Article similaire","link":""},"img":{"alt_text":"","src":"","width":0,"height":0},"classes":[]}],"_links":{"self":[{"href":"https:\/\/no-made.net\/index.php\/wp-json\/wp\/v2\/pages\/105","targetHints":{"allow":["GET"]}}],"collection":[{"href":"https:\/\/no-made.net\/index.php\/wp-json\/wp\/v2\/pages"}],"about":[{"href":"https:\/\/no-made.net\/index.php\/wp-json\/wp\/v2\/types\/page"}],"author":[{"embeddable":true,"href":"https:\/\/no-made.net\/index.php\/wp-json\/wp\/v2\/users\/1"}],"replies":[{"embeddable":true,"href":"https:\/\/no-made.net\/index.php\/wp-json\/wp\/v2\/comments?post=105"}],"version-history":[{"count":32,"href":"https:\/\/no-made.net\/index.php\/wp-json\/wp\/v2\/pages\/105\/revisions"}],"predecessor-version":[{"id":1151,"href":"https:\/\/no-made.net\/index.php\/wp-json\/wp\/v2\/pages\/105\/revisions\/1151"}],"wp:featuredmedia":[{"embeddable":true,"href":"https:\/\/no-made.net\/index.php\/wp-json\/wp\/v2\/media\/335"}],"wp:attachment":[{"href":"https:\/\/no-made.net\/index.php\/wp-json\/wp\/v2\/media?parent=105"}],"curies":[{"name":"wp","href":"https:\/\/api.w.org\/{rel}","templated":true}]}}