{"id":287,"date":"2016-08-18T09:20:15","date_gmt":"2016-08-18T08:20:15","guid":{"rendered":"http:\/\/no-made.net\/?page_id=287"},"modified":"2017-02-03T16:05:39","modified_gmt":"2017-02-03T15:05:39","slug":"poursuite-cap-dail-2016","status":"publish","type":"page","link":"https:\/\/no-made.net\/index.php\/poursuite-cap-dail-2016\/","title":{"rendered":"2016 : PourSuitE"},"content":{"rendered":"<p><strong>\u00a0Septembre<\/strong><\/p>\n<p><strong><a href=\"https:\/\/i0.wp.com\/no-made.net\/wp-content\/uploads\/2016\/08\/affiche2016-web.jpg?ssl=1\"><img data-recalc-dims=\"1\" loading=\"lazy\" decoding=\"async\" data-attachment-id=\"285\" data-permalink=\"https:\/\/no-made.net\/index.php\/poursuite-cap-dail-2016\/affiche2016-web\/\" data-orig-file=\"https:\/\/i0.wp.com\/no-made.net\/wp-content\/uploads\/2016\/08\/affiche2016-web.jpg?fit=580%2C800&amp;ssl=1\" data-orig-size=\"580,800\" data-comments-opened=\"0\" data-image-meta=\"{&quot;aperture&quot;:&quot;0&quot;,&quot;credit&quot;:&quot;&quot;,&quot;camera&quot;:&quot;&quot;,&quot;caption&quot;:&quot;&quot;,&quot;created_timestamp&quot;:&quot;0&quot;,&quot;copyright&quot;:&quot;&quot;,&quot;focal_length&quot;:&quot;0&quot;,&quot;iso&quot;:&quot;0&quot;,&quot;shutter_speed&quot;:&quot;0&quot;,&quot;title&quot;:&quot;&quot;,&quot;orientation&quot;:&quot;0&quot;}\" data-image-title=\"affiche2016-web\" data-image-description=\"\" data-image-caption=\"\" data-large-file=\"https:\/\/i0.wp.com\/no-made.net\/wp-content\/uploads\/2016\/08\/affiche2016-web.jpg?fit=580%2C800&amp;ssl=1\" class=\"wp-image-285 size-medium aligncenter\" src=\"https:\/\/i0.wp.com\/no-made.net\/wp-content\/uploads\/2016\/08\/affiche2016-web.jpg?resize=218%2C300&#038;ssl=1\" alt=\"affiche2016-web\" width=\"218\" height=\"300\" srcset=\"https:\/\/i0.wp.com\/no-made.net\/wp-content\/uploads\/2016\/08\/affiche2016-web.jpg?resize=218%2C300&amp;ssl=1 218w, https:\/\/i0.wp.com\/no-made.net\/wp-content\/uploads\/2016\/08\/affiche2016-web.jpg?resize=109%2C150&amp;ssl=1 109w, https:\/\/i0.wp.com\/no-made.net\/wp-content\/uploads\/2016\/08\/affiche2016-web.jpg?w=580&amp;ssl=1 580w\" sizes=\"auto, (max-width: 218px) 100vw, 218px\" \/><\/a><\/strong><\/p>\n<p>L&rsquo;exposition est ouverte. D\u00e9j\u00e0 un livret-outil pour accompagner une visite au Roc Fleuri. Le catalogue suivra plus tard.<\/p>\n<p><strong>Le mot du Pr\u00e9sident<\/strong><\/p>\n<p>Ce th\u00e8me s\u2019inscrit dans la continuit\u00e9 de \u00ab <i>l\u2019immobilit\u00e9 dans le mouvement<\/i>\u00a0\u00bb pr\u00e9sent\u00e9e au STAPS en 2016 et \u00ab\u00a0 <i>de point(s) de vue, point(s) de vie<\/i>\u00a0\u00bb \u00e0 Cap d\u2019Ail en 2015, proposer une suite, pour suite, et dans le cheminement de no-made qui continue.<\/p>\n<p>Il y a toujours un point de d\u00e9part.<\/p>\n<p>Poursuivre quelque chose, quelqu\u2019un, un animal\u2026 suivre une trace, aller vers, d\u00e9passer, se d\u00e9passer.<\/p>\n<p>Au-del\u00e0 de la poursuite, la recherche d\u2019une chim\u00e8re, quelqu\u2019un ou quelque chose qui \u00e9chappe, prendre conscience, renoncer.<\/p>\n<p>Pourquoi donner une suite, se prolonger, s\u2019acharner. Se perdre dans la poursuite ou se r\u00e9v\u00e9ler dans cette qu\u00eate.<\/p>\n<p>L\u2019insatisfaction, le moteur de la poursuite, la qu\u00eate du bonheur, du pouvoir\u2026 une course.<\/p>\n<p>Le d\u00e9sir, l\u2019inaccessible, l\u2019oppos\u00e9 de la jouissance, la jouissance est dans le pr\u00e9sent, l\u2019instant. La poursuite est dans le futur, dans l\u2019art de s\u00e9duire, un appel.<\/p>\n<p><i>Au cours d\u2019une poursuite il y a toujours un moment d\u2019arr\u00eat, un bruit, un son, le silence s\u2019installe. Chez le poursuivi comme chez le poursuivant, le souffle s\u2019entend, fort, saccad\u00e9, il est suspendu, haletant, il remplace le bruit des pas, il prend tout l\u2019espace, le temps lui aussi s\u2019interrompt pour laisser place \u00e0 la r\u00e9flexion, \u00e0 la d\u00e9cision,\u00a0 poursuivre ou arr\u00eater. Rebrousser chemin\u00a0? Est-ce toujours possible\u00a0?<\/i><\/p>\n<p>Poursuivre c\u2019est aussi se rapprocher de l\u2019arr\u00eat, s\u2019arr\u00eater lorsque le but est atteint.<\/p>\n<p>Poursuivre\u00a0une d\u00e9marche ? Poursuivre no-made\u00a0?<\/p>\n<p>Cette action, <i>question<\/i>, trouve une r\u00e9sonance dans no-made, faut-il continuer, quelles sont les raisons \u00e0 cette poursuite, artistiques, humaines, narcissiques, routini\u00e8res, rituelles, obsessionnelles, \u00e9gocentriques,\u00a0 existentielles\u2026<\/p>\n<p>Chacun r\u00e9pond \u00e0 cette question en prolongeant ou non cette d\u00e9j\u00e0 longue poursuite.<\/p>\n<p>Denis Gibelin<\/p>\n<p><span style=\"color: #0000ff;\"><a style=\"color: #0000ff;\" href=\"http:\/\/fr.calameo.com\/read\/00443189576d047d443cf\">Un guide pour mieux visiter<\/a><\/span><\/p>\n<hr \/>\n<p><strong>Octobre<\/strong><\/p>\n<p>&nbsp;<\/p>\n<p><a href=\"https:\/\/i0.wp.com\/no-made.net\/wp-content\/uploads\/2016\/10\/affiche1.jpg?ssl=1\"><img data-recalc-dims=\"1\" loading=\"lazy\" decoding=\"async\" data-attachment-id=\"307\" data-permalink=\"https:\/\/no-made.net\/index.php\/arboretum-la-suite\/affiche1\/\" data-orig-file=\"https:\/\/i0.wp.com\/no-made.net\/wp-content\/uploads\/2016\/10\/affiche1.jpg?fit=578%2C820&amp;ssl=1\" data-orig-size=\"578,820\" data-comments-opened=\"0\" data-image-meta=\"{&quot;aperture&quot;:&quot;0&quot;,&quot;credit&quot;:&quot;&quot;,&quot;camera&quot;:&quot;&quot;,&quot;caption&quot;:&quot;&quot;,&quot;created_timestamp&quot;:&quot;0&quot;,&quot;copyright&quot;:&quot;&quot;,&quot;focal_length&quot;:&quot;0&quot;,&quot;iso&quot;:&quot;0&quot;,&quot;shutter_speed&quot;:&quot;0&quot;,&quot;title&quot;:&quot;&quot;,&quot;orientation&quot;:&quot;0&quot;}\" data-image-title=\"affiche1\" data-image-description=\"\" data-image-caption=\"\" data-large-file=\"https:\/\/i0.wp.com\/no-made.net\/wp-content\/uploads\/2016\/10\/affiche1.jpg?fit=578%2C820&amp;ssl=1\" class=\"aligncenter size-medium wp-image-307\" src=\"https:\/\/i0.wp.com\/no-made.net\/wp-content\/uploads\/2016\/10\/affiche1.jpg?resize=211%2C300&#038;ssl=1\" alt=\"\" width=\"211\" height=\"300\" srcset=\"https:\/\/i0.wp.com\/no-made.net\/wp-content\/uploads\/2016\/10\/affiche1.jpg?resize=211%2C300&amp;ssl=1 211w, https:\/\/i0.wp.com\/no-made.net\/wp-content\/uploads\/2016\/10\/affiche1.jpg?resize=106%2C150&amp;ssl=1 106w, https:\/\/i0.wp.com\/no-made.net\/wp-content\/uploads\/2016\/10\/affiche1.jpg?w=578&amp;ssl=1 578w\" sizes=\"auto, (max-width: 211px) 100vw, 211px\" \/><\/a><\/p>\n<p>&nbsp;<\/p>\n<p>&nbsp;<\/p>\n","protected":false},"excerpt":{"rendered":"<p>\u00a0Septembre L&rsquo;exposition est ouverte. D\u00e9j\u00e0 un livret-outil pour accompagner une visite au Roc Fleuri. Le catalogue suivra plus tard. Le mot du Pr\u00e9sident Ce th\u00e8me s\u2019inscrit dans la continuit\u00e9 de \u00ab l\u2019immobilit\u00e9 dans le mouvement\u00a0\u00bb pr\u00e9sent\u00e9e au STAPS en 2016 et \u00ab\u00a0 de point(s) de vue, point(s) de vie\u00a0\u00bb \u00e0 Cap d\u2019Ail en 2015, proposer &hellip; <a href=\"https:\/\/no-made.net\/index.php\/poursuite-cap-dail-2016\/\" class=\"more-link\">Continuer la lecture de <span class=\"screen-reader-text\">2016 : PourSuitE<\/span><\/a><\/p>\n","protected":false},"author":1,"featured_media":0,"parent":0,"menu_order":0,"comment_status":"closed","ping_status":"closed","template":"","meta":{"jetpack_post_was_ever_published":false,"footnotes":""},"class_list":["post-287","page","type-page","status-publish","hentry"],"jetpack_sharing_enabled":true,"jetpack_shortlink":"https:\/\/wp.me\/P7iEVt-4D","jetpack-related-posts":[{"id":44,"url":"https:\/\/no-made.net\/index.php\/annales\/les-printemps-2\/staps\/","url_meta":{"origin":287,"position":0},"title":"Staps","author":"no-made","date":"1 f\u00e9vrier 2016","format":false,"excerpt":"L\u2019immobilit\u00e9 dans le mouvement \u00ab\u00a0Il y a le p\u00f4le de celui qui fait une \u0153uvre et le p\u00f4le de celui qui la regarde. Je donne \u00e0 celui qui la regarde autant d\u2019importance qu\u2019\u00e0 celui qui la fait.\u00a0\u00bb Marcel Duchamp Entretiens avec Pierre Cabanne Ce th\u00e8me met en opposition deux \u00e9tats\u2026","rel":"","context":"Article similaire","block_context":{"text":"Article similaire","link":""},"img":{"alt_text":"","src":"","width":0,"height":0},"classes":[]},{"id":35,"url":"https:\/\/no-made.net\/index.php\/annales\/","url_meta":{"origin":287,"position":1},"title":"Dossiers et catalogues : 2003 \u27f6 2017","author":"no-made","date":"30 janvier 2016","format":false,"excerpt":"Les archives des expositions de no-made depuis l'ann\u00e9e 2003 sont en ligne sous forme de dossiers ou catalogues sur le site calameo.com et plus particuli\u00e8rement ici : 2003, dossier sign\u00e9 Ben 2004, catalogue sign\u00e9 Ernest Pignon Ernest, Cap d'Ail-Villa Le Roc Fleuri, Arbor\u00e9tum de Roure 2004, dossier sign\u00e9 Ernest Pignon\u2026","rel":"","context":"Article similaire","block_context":{"text":"Article similaire","link":""},"img":{"alt_text":"","src":"","width":0,"height":0},"classes":[]},{"id":2136,"url":"https:\/\/no-made.net\/index.php\/2022-collection-permanente-a-larbo\/","url_meta":{"origin":287,"position":2},"title":"2022 : Collection Permanente \u00e0 l&rsquo;Arboretum de Roure","author":"no-made","date":"14 ao\u00fbt 2022","format":false,"excerpt":"Le site de l\u2019Arboretum est ouvert toute l\u2019ann\u00e9e et vous accueille de mai \u00e0 octobre de 10h et 18h et de novembre \u00e0 avril de 10h \u00e0 16h - Pour plus d'information, merci de visiter le site de l'Arboretum de Roure (arboretum-roure.org) Quelques photos prises lors du vernissage de la\u2026","rel":"","context":"Article similaire","block_context":{"text":"Article similaire","link":""},"img":{"alt_text":"","src":"https:\/\/i0.wp.com\/no-made.net\/wp-content\/uploads\/2022\/10\/IMG_20221002_110845-scaled.jpg?resize=350%2C200","width":350,"height":200,"srcset":"https:\/\/i0.wp.com\/no-made.net\/wp-content\/uploads\/2022\/10\/IMG_20221002_110845-scaled.jpg?resize=350%2C200 1x, https:\/\/i0.wp.com\/no-made.net\/wp-content\/uploads\/2022\/10\/IMG_20221002_110845-scaled.jpg?resize=525%2C300 1.5x, https:\/\/i0.wp.com\/no-made.net\/wp-content\/uploads\/2022\/10\/IMG_20221002_110845-scaled.jpg?resize=700%2C400 2x, https:\/\/i0.wp.com\/no-made.net\/wp-content\/uploads\/2022\/10\/IMG_20221002_110845-scaled.jpg?resize=1050%2C600 3x, https:\/\/i0.wp.com\/no-made.net\/wp-content\/uploads\/2022\/10\/IMG_20221002_110845-scaled.jpg?resize=1400%2C800 4x"},"classes":[]},{"id":3492,"url":"https:\/\/no-made.net\/index.php\/2025-d-t-p-a-l-n-i-le-geste-arboretum-de-roure\/","url_meta":{"origin":287,"position":3},"title":"2025 : Arboretum de Roure, d.t.p.\u00e0.l.n.i  &#8211; Le Geste","author":"no-made","date":"26 juillet 2025","format":false,"excerpt":"d.u t.\u00e9rritoire p.artag\u00e9 \u00e0 l.a n.on-i.ntervention Dans le cadre de la th\u00e9matique \u00ab du territoire partag\u00e9 \u00e0 la non-intervention \u00bb initi\u00e9e en 2024, nous poursuivons en 2025 avec la notion de \"Geste\" invitation 2025 affiche mains cerf 2025 sans logo Monaco Le Vernissage avec Mme le Maire de Roure Yanne\u2026","rel":"","context":"Article similaire","block_context":{"text":"Article similaire","link":""},"img":{"alt_text":"","src":"https:\/\/i0.wp.com\/no-made.net\/wp-content\/uploads\/2025\/10\/ARBO-01-2-scaled.jpg?resize=350%2C200","width":350,"height":200,"srcset":"https:\/\/i0.wp.com\/no-made.net\/wp-content\/uploads\/2025\/10\/ARBO-01-2-scaled.jpg?resize=350%2C200 1x, https:\/\/i0.wp.com\/no-made.net\/wp-content\/uploads\/2025\/10\/ARBO-01-2-scaled.jpg?resize=525%2C300 1.5x, https:\/\/i0.wp.com\/no-made.net\/wp-content\/uploads\/2025\/10\/ARBO-01-2-scaled.jpg?resize=700%2C400 2x, https:\/\/i0.wp.com\/no-made.net\/wp-content\/uploads\/2025\/10\/ARBO-01-2-scaled.jpg?resize=1050%2C600 3x, https:\/\/i0.wp.com\/no-made.net\/wp-content\/uploads\/2025\/10\/ARBO-01-2-scaled.jpg?resize=1400%2C800 4x"},"classes":[]},{"id":1260,"url":"https:\/\/no-made.net\/index.php\/2021-2\/","url_meta":{"origin":287,"position":4},"title":"2021 : Jardins d&rsquo;Artistes","author":"no-made","date":"8 janvier 2021","format":false,"excerpt":"6 artistes ont pr\u00e9sent\u00e9 de nouvelles \u0153uvres \u00e0 l'Arboretum de Roure cette ann\u00e9e autour des \"r\u00e9sidentes\" ; Joan Bettini \/ Lorenzo Biagi \/ Sally Ducrow \/ Denis Gibelin \/ Mich\u00e8le Kleijnen. Nicolas Lavarenne pr\u00e9vu n'a pas pu nous rejoindre. Alain Baudry (Chercheur de son) a r\u00e9alis\u00e9 un prise de son\u2026","rel":"","context":"Article similaire","block_context":{"text":"Article similaire","link":""},"img":{"alt_text":"","src":"https:\/\/i0.wp.com\/no-made.net\/wp-content\/uploads\/2021\/06\/Site-1-1-scaled.jpg?resize=350%2C200","width":350,"height":200,"srcset":"https:\/\/i0.wp.com\/no-made.net\/wp-content\/uploads\/2021\/06\/Site-1-1-scaled.jpg?resize=350%2C200 1x, https:\/\/i0.wp.com\/no-made.net\/wp-content\/uploads\/2021\/06\/Site-1-1-scaled.jpg?resize=525%2C300 1.5x, https:\/\/i0.wp.com\/no-made.net\/wp-content\/uploads\/2021\/06\/Site-1-1-scaled.jpg?resize=700%2C400 2x, https:\/\/i0.wp.com\/no-made.net\/wp-content\/uploads\/2021\/06\/Site-1-1-scaled.jpg?resize=1050%2C600 3x, https:\/\/i0.wp.com\/no-made.net\/wp-content\/uploads\/2021\/06\/Site-1-1-scaled.jpg?resize=1400%2C800 4x"},"classes":[]},{"id":105,"url":"https:\/\/no-made.net\/index.php\/contact\/","url_meta":{"origin":287,"position":5},"title":"Qui sommes-nous ?","author":"no-made","date":"9 f\u00e9vrier 2016","format":false,"excerpt":"Les statuts de l'association Bilan moral 2020 Comptes ann\u00e9e 2019 Bilan ann\u00e9e 2018 Bilan moral, comptabilit\u00e9, administration 2017 Bilan moral 2015 et\u00a0assembl\u00e9e g\u00e9n\u00e9rale 2016 Historique de no-made Les statuts de l'association Bilan ann\u00e9e 2019 Comptes ann\u00e9e 2019 Bilan ann\u00e9e 2018 Bilan moral, comptabilit\u00e9, administration 2017 Bilan moral 2015 et\u00a0assembl\u00e9e g\u00e9n\u00e9rale\u2026","rel":"","context":"Article similaire","block_context":{"text":"Article similaire","link":""},"img":{"alt_text":"","src":"","width":0,"height":0},"classes":[]}],"_links":{"self":[{"href":"https:\/\/no-made.net\/index.php\/wp-json\/wp\/v2\/pages\/287","targetHints":{"allow":["GET"]}}],"collection":[{"href":"https:\/\/no-made.net\/index.php\/wp-json\/wp\/v2\/pages"}],"about":[{"href":"https:\/\/no-made.net\/index.php\/wp-json\/wp\/v2\/types\/page"}],"author":[{"embeddable":true,"href":"https:\/\/no-made.net\/index.php\/wp-json\/wp\/v2\/users\/1"}],"replies":[{"embeddable":true,"href":"https:\/\/no-made.net\/index.php\/wp-json\/wp\/v2\/comments?post=287"}],"version-history":[{"count":7,"href":"https:\/\/no-made.net\/index.php\/wp-json\/wp\/v2\/pages\/287\/revisions"}],"predecessor-version":[{"id":360,"href":"https:\/\/no-made.net\/index.php\/wp-json\/wp\/v2\/pages\/287\/revisions\/360"}],"wp:attachment":[{"href":"https:\/\/no-made.net\/index.php\/wp-json\/wp\/v2\/media?parent=287"}],"curies":[{"name":"wp","href":"https:\/\/api.w.org\/{rel}","templated":true}]}}