{"id":35,"date":"2016-01-30T15:35:40","date_gmt":"2016-01-30T14:35:40","guid":{"rendered":"http:\/\/no-made.net\/?page_id=35"},"modified":"2018-09-20T14:15:37","modified_gmt":"2018-09-20T13:15:37","slug":"annales","status":"publish","type":"page","link":"https:\/\/no-made.net\/index.php\/annales\/","title":{"rendered":"Dossiers et catalogues : 2003 \u27f6 2017"},"content":{"rendered":"<p>Les archives des expositions de no-made depuis l&rsquo;ann\u00e9e 2003 sont en ligne sous forme de dossiers ou catalogues sur le site calameo.com et plus particuli\u00e8rement ici :<\/p>\n<p><span style=\"color: #0000ff;\"><strong><a style=\"color: #0000ff;\" href=\"http:\/\/fr.calameo.com\/read\/0044318953cd5c916e3f1\">2003<\/a><\/strong><\/span>, dossier sign\u00e9 Ben<\/p>\n<p><a href=\"http:\/\/fr.calameo.com\/read\/0044318957f6ab312c704\"><strong><span style=\"color: #0000ff;\">2004<\/span><\/strong><\/a>, catalogue sign\u00e9 Ernest Pignon Ernest, Cap d&rsquo;Ail-Villa Le Roc Fleuri, Arbor\u00e9tum de Roure<\/p>\n<p><a href=\"http:\/\/fr.calameo.com\/read\/0044318957f6ab312c704\"><strong><span style=\"color: #0000ff;\">2004<\/span><\/strong><\/a>, dossier sign\u00e9 Ernest Pignon Ernest<\/p>\n<p><span style=\"color: #0000ff;\"><strong><a style=\"color: #0000ff;\" href=\"http:\/\/fr.calameo.com\/read\/0044318954c33a8c59919\">2005<\/a><\/strong><\/span>, dossier sign\u00e9 Folon, Cap d&rsquo;Ail-Villa Le Roc Fleuri, Arbor\u00e9tum de Roure<\/p>\n<p><strong><span style=\"color: #0000ff;\"><a style=\"color: #0000ff;\" href=\"http:\/\/fr.calameo.com\/read\/004431895745154d62015\">2006\/2007<\/a><\/span><\/strong>, catalogue double sign\u00e9 Adami et Sow, Cap d&rsquo;Ail-Villa Le Roc Fleuri, Arbor\u00e9tum de Roure, Cannes-MJC Picaud<\/p>\n<p><strong><span style=\"color: #0000ff;\"><a style=\"color: #0000ff;\" href=\"http:\/\/fr.calameo.com\/read\/0044318954c4d56821df7\">2008<\/a><\/span><\/strong>, dossier Cannes-Mimont, Cap d&rsquo;Ail-Villa Le Roc Fleuri, Arbor\u00e9tum de Roure sign\u00e9 Nicolas Lavarenne<\/p>\n<p><strong><span style=\"color: #0000ff;\"><a style=\"color: #0000ff;\" href=\"http:\/\/fr.calameo.com\/read\/00443189599154eb11447\">2009<\/a><\/span><\/strong>, dossier signature Sosno<\/p>\n<p><strong><span style=\"color: #0000ff;\"><a style=\"color: #0000ff;\" href=\"http:\/\/fr.calameo.com\/read\/004431895b742a567735c\">2010<\/a><\/span><\/strong>, catalogue Si le printemps revenait I, Nice-Valrose<\/p>\n<p><span style=\"color: #0000ff;\"><a style=\"color: #0000ff;\" href=\"http:\/\/fr.calameo.com\/read\/00443189593c000c32ec9\"><strong>2011<\/strong>,<\/a><\/span> catalogue Si le printemps revenait II, Nice-Saint Jean d&rsquo;Ang\u00e9ly<\/p>\n<p><a href=\"http:\/\/fr.calameo.com\/read\/00443189560ee6d684513\"><strong><span style=\"color: #0000ff;\">2011,<\/span> <\/strong><\/a>catalogue Passe-[Port] m\u00e9diterran\u00e9ens, Cap d&rsquo;Ail-Villa Le Roc Fleuri<\/p>\n<p><span style=\"color: #0000ff;\"><strong><a style=\"color: #0000ff;\" href=\"http:\/\/fr.calameo.com\/read\/0044318959f494506d26f\">2015<\/a><\/strong><\/span>, catalogue Flux, Vall\u00e9e des Paillons<\/p>\n<p><span style=\"color: #0000ff;\"><strong><a style=\"color: #0000ff;\" href=\"http:\/\/fr.calameo.com\/read\/004431895c16b9980d801\">2015<\/a><\/strong><\/span>, catalogue Points de vue-Points de vie, Cap d&rsquo;Ail-Villa Le Roc Fleuri<\/p>\n<p><a href=\"http:\/\/fr.calameo.com\/read\/004431895c16b9980d801\"><strong><span style=\"color: #0000ff;\">2016<\/span><\/strong><\/a>, catalogue Si le printemps revenait III, Nice-Staps<\/p>\n<p><a href=\"http:\/\/fr.calameo.com\/read\/00443189576d047d443cf\"><strong><span style=\"color: #0000ff;\">2016<\/span><\/strong><\/a>, Dossier PourSuitE, Cap d&rsquo;Ail-Villa Le Roc Fleuri<\/p>\n<p><span style=\"color: #0000ff;\"><strong><a style=\"color: #0000ff;\" href=\"https:\/\/no-made.net\/index.php\/annales\/2017-dematerialisation\/\">2017<\/a><\/strong><\/span>, Dossier d\u00e9mat\u00e9rialisation, Cap d&rsquo;Ail-Villa Le Roc Fleuri, Arbor\u00e9tume de Roure<\/p>\n<p>&nbsp;<\/p>\n<p>&nbsp;<\/p>\n<p>Il est aussi possible de trouver sur<span style=\"color: #0000ff;\"><strong><a style=\"color: #0000ff;\" href=\"http:\/\/no-made.eu\"> l&rsquo;ancien site<\/a> <\/strong><\/span>d&rsquo;autres archives des expositions avant 2014.<\/p>\n<p>&nbsp;<\/p>\n","protected":false},"excerpt":{"rendered":"<p>Les archives des expositions de no-made depuis l&rsquo;ann\u00e9e 2003 sont en ligne sous forme de dossiers ou catalogues sur le site calameo.com et plus particuli\u00e8rement ici : 2003, dossier sign\u00e9 Ben 2004, catalogue sign\u00e9 Ernest Pignon Ernest, Cap d&rsquo;Ail-Villa Le Roc Fleuri, Arbor\u00e9tum de Roure 2004, dossier sign\u00e9 Ernest Pignon Ernest 2005, dossier sign\u00e9 Folon, &hellip; <a href=\"https:\/\/no-made.net\/index.php\/annales\/\" class=\"more-link\">Continuer la lecture de <span class=\"screen-reader-text\">Dossiers et catalogues : 2003 \u27f6 2017<\/span><\/a><\/p>\n","protected":false},"author":1,"featured_media":0,"parent":0,"menu_order":0,"comment_status":"closed","ping_status":"closed","template":"","meta":{"jetpack_post_was_ever_published":false,"footnotes":""},"class_list":["post-35","page","type-page","status-publish","hentry"],"jetpack_sharing_enabled":true,"jetpack_shortlink":"https:\/\/wp.me\/P7iEVt-z","jetpack-related-posts":[{"id":982,"url":"https:\/\/no-made.net\/index.php\/2019-roure-dolle\/","url_meta":{"origin":35,"position":0},"title":"2019 : Roure, Doll\u00e9","author":"no-made","date":"27 novembre 2019","format":false,"excerpt":"2003-2019, l'Arboretum de Louis Doll\u00e9. Le catalogue de l'exposition : une visite guid\u00e9e.","rel":"","context":"Article similaire","block_context":{"text":"Article similaire","link":""},"img":{"alt_text":"","src":"https:\/\/i0.wp.com\/no-made.net\/wp-content\/uploads\/2019\/11\/liste-des-oeuvres-web.jpg?resize=350%2C200","width":350,"height":200,"srcset":"https:\/\/i0.wp.com\/no-made.net\/wp-content\/uploads\/2019\/11\/liste-des-oeuvres-web.jpg?resize=350%2C200 1x, https:\/\/i0.wp.com\/no-made.net\/wp-content\/uploads\/2019\/11\/liste-des-oeuvres-web.jpg?resize=525%2C300 1.5x, https:\/\/i0.wp.com\/no-made.net\/wp-content\/uploads\/2019\/11\/liste-des-oeuvres-web.jpg?resize=700%2C400 2x"},"classes":[]},{"id":341,"url":"https:\/\/no-made.net\/index.php\/contacts-et-liens\/","url_meta":{"origin":35,"position":1},"title":"Contacts et liens","author":"no-made","date":"27 janvier 2017","format":false,"excerpt":"Le pr\u00e9sident no.made.lassos@gmail.com 06 09 03 33 83 Vers les sites des artistes en lien avec no-made Alain Baudry Joan Bettini Nathalie Broyelle Louis Doll\u00e9 Gabriel Fabre Christian Fulcheri Denis Gibelin Florence Guillemot Jean-Pierre Joly Mich\u00e8le Kleijnen Cl\u00e9mence Knaebel Andr\u00e9 Marzuk Veronique Roussiaux Oksana Sokolova Florent Testa Silva Usta Anne-Sophie\u2026","rel":"","context":"Article similaire","block_context":{"text":"Article similaire","link":""},"img":{"alt_text":"","src":"","width":0,"height":0},"classes":[]},{"id":2935,"url":"https:\/\/no-made.net\/index.php\/2023-2024-du-territoire-partage-a-la-non-intervention\/","url_meta":{"origin":35,"position":2},"title":"2024 : Arboretum de Roure, du\u00a0territoire partag\u00e9\u00a0\u00e0 la non-intervention","author":"no-made","date":"4 octobre 2023","format":false,"excerpt":"affiche 2024 d\u00e9finitive Expo en cours - ouverte toute l'ann\u00e9e. L'Arboretum vous acceuille de mai \u00e0 octobre de 10h00 \u00e0 18h00 et de novembre \u00e0 avril de 10h00 \u00e0 16h00 Pour vous rendre \u00e0 l'arboretum Apr\u00e8s le vernissage du 5 octobre 2024, l'exposition est lanc\u00e9e et la r\u00e9flexion continue... En\u2026","rel":"","context":"Article similaire","block_context":{"text":"Article similaire","link":""},"img":{"alt_text":"","src":"https:\/\/i0.wp.com\/no-made.net\/wp-content\/uploads\/2024\/09\/affiche-2024-ete-2025-scaled.jpg?resize=350%2C200","width":350,"height":200,"srcset":"https:\/\/i0.wp.com\/no-made.net\/wp-content\/uploads\/2024\/09\/affiche-2024-ete-2025-scaled.jpg?resize=350%2C200 1x, https:\/\/i0.wp.com\/no-made.net\/wp-content\/uploads\/2024\/09\/affiche-2024-ete-2025-scaled.jpg?resize=525%2C300 1.5x, https:\/\/i0.wp.com\/no-made.net\/wp-content\/uploads\/2024\/09\/affiche-2024-ete-2025-scaled.jpg?resize=700%2C400 2x, https:\/\/i0.wp.com\/no-made.net\/wp-content\/uploads\/2024\/09\/affiche-2024-ete-2025-scaled.jpg?resize=1050%2C600 3x, https:\/\/i0.wp.com\/no-made.net\/wp-content\/uploads\/2024\/09\/affiche-2024-ete-2025-scaled.jpg?resize=1400%2C800 4x"},"classes":[]},{"id":735,"url":"https:\/\/no-made.net\/index.php\/2018-pensees-sauvages\/","url_meta":{"origin":35,"position":3},"title":"2018 : Pens\u00e9es sauvages","author":"no-made","date":"20 septembre 2018","format":false,"excerpt":"Cap d'Ail : cette ann\u00e9e no-made donne carte blanche \u00e0 de jeunes artistes. \u00a0 Communiqu\u00e9 de presse \"pens\u00e9es sauvages\" R\u00e9actions dans la presse locale : \u00a0 \u00a0 \u00a0 \u00a0 \u00a0 \u00a0 \u00a0 Performances : Malou Bonvissuto de la Cie Antipodes sur une chor\u00e9graphie de Lisie Philip \u00a0 \u00a0 \u00a0 \u00a0\u2026","rel":"","context":"Article similaire","block_context":{"text":"Article similaire","link":""},"img":{"alt_text":"","src":"https:\/\/i0.wp.com\/no-made.net\/wp-content\/uploads\/2018\/09\/Kleijnen-pensees-sauvages-web-e1537896167153.jpg?resize=350%2C200","width":350,"height":200,"srcset":"https:\/\/i0.wp.com\/no-made.net\/wp-content\/uploads\/2018\/09\/Kleijnen-pensees-sauvages-web-e1537896167153.jpg?resize=350%2C200 1x, https:\/\/i0.wp.com\/no-made.net\/wp-content\/uploads\/2018\/09\/Kleijnen-pensees-sauvages-web-e1537896167153.jpg?resize=525%2C300 1.5x, https:\/\/i0.wp.com\/no-made.net\/wp-content\/uploads\/2018\/09\/Kleijnen-pensees-sauvages-web-e1537896167153.jpg?resize=700%2C400 2x"},"classes":[]},{"id":3492,"url":"https:\/\/no-made.net\/index.php\/2025-d-t-p-a-l-n-i-le-geste-arboretum-de-roure\/","url_meta":{"origin":35,"position":4},"title":"2025 : Arboretum de Roure, d.t.p.\u00e0.l.n.i  &#8211; Le Geste","author":"no-made","date":"26 juillet 2025","format":false,"excerpt":"d.u t.\u00e9rritoire p.artag\u00e9 \u00e0 l.a n.on-i.ntervention Dans le cadre de la th\u00e9matique \u00ab du territoire partag\u00e9 \u00e0 la non-intervention \u00bb initi\u00e9e en 2024, nous poursuivons en 2025 avec la notion de \"Geste\" invitation 2025 affiche mains cerf 2025 sans logo Monaco Le Vernissage avec Mme le Maire de Roure Yanne\u2026","rel":"","context":"Article similaire","block_context":{"text":"Article similaire","link":""},"img":{"alt_text":"","src":"https:\/\/i0.wp.com\/no-made.net\/wp-content\/uploads\/2025\/10\/ARBO-01-2-scaled.jpg?resize=350%2C200","width":350,"height":200,"srcset":"https:\/\/i0.wp.com\/no-made.net\/wp-content\/uploads\/2025\/10\/ARBO-01-2-scaled.jpg?resize=350%2C200 1x, https:\/\/i0.wp.com\/no-made.net\/wp-content\/uploads\/2025\/10\/ARBO-01-2-scaled.jpg?resize=525%2C300 1.5x, https:\/\/i0.wp.com\/no-made.net\/wp-content\/uploads\/2025\/10\/ARBO-01-2-scaled.jpg?resize=700%2C400 2x, https:\/\/i0.wp.com\/no-made.net\/wp-content\/uploads\/2025\/10\/ARBO-01-2-scaled.jpg?resize=1050%2C600 3x, https:\/\/i0.wp.com\/no-made.net\/wp-content\/uploads\/2025\/10\/ARBO-01-2-scaled.jpg?resize=1400%2C800 4x"},"classes":[]},{"id":3863,"url":"https:\/\/no-made.net\/","url_meta":{"origin":35,"position":5},"title":"2026 : Arboretum de Roure, l.t.p &#8211; \u00ab\u00a0on peut r\u00e9fl\u00e9chir encore un peu\u2026\u00a0\u00bb","author":"no-made","date":"16 mars 2026","format":false,"excerpt":"l.e t.erritoire p.artag\u00e9 Apr\u00e8s l'AG de vendredi 3 avril, voici le th\u00e8me pour Roure cette ann\u00e9e. On pr\u00e9pare l'appel \u00e0 projets...","rel":"","context":"Article similaire","block_context":{"text":"Article similaire","link":""},"img":{"alt_text":"","src":"","width":0,"height":0},"classes":[]}],"_links":{"self":[{"href":"https:\/\/no-made.net\/index.php\/wp-json\/wp\/v2\/pages\/35","targetHints":{"allow":["GET"]}}],"collection":[{"href":"https:\/\/no-made.net\/index.php\/wp-json\/wp\/v2\/pages"}],"about":[{"href":"https:\/\/no-made.net\/index.php\/wp-json\/wp\/v2\/types\/page"}],"author":[{"embeddable":true,"href":"https:\/\/no-made.net\/index.php\/wp-json\/wp\/v2\/users\/1"}],"replies":[{"embeddable":true,"href":"https:\/\/no-made.net\/index.php\/wp-json\/wp\/v2\/comments?post=35"}],"version-history":[{"count":14,"href":"https:\/\/no-made.net\/index.php\/wp-json\/wp\/v2\/pages\/35\/revisions"}],"predecessor-version":[{"id":733,"href":"https:\/\/no-made.net\/index.php\/wp-json\/wp\/v2\/pages\/35\/revisions\/733"}],"wp:attachment":[{"href":"https:\/\/no-made.net\/index.php\/wp-json\/wp\/v2\/media?parent=35"}],"curies":[{"name":"wp","href":"https:\/\/api.w.org\/{rel}","templated":true}]}}