{"id":44,"date":"2016-02-01T11:07:44","date_gmt":"2016-02-01T10:07:44","guid":{"rendered":"http:\/\/no-made.net\/?page_id=44"},"modified":"2016-08-17T20:26:40","modified_gmt":"2016-08-17T19:26:40","slug":"staps","status":"publish","type":"page","link":"https:\/\/no-made.net\/index.php\/annales\/les-printemps-2\/staps\/","title":{"rendered":"Staps"},"content":{"rendered":"<p><strong>L\u2019immobilit\u00e9 dans le mouvement<\/strong><\/p>\n<p><span style=\"color: #808080;\"><strong><em>\u00ab\u00a0Il y a le p\u00f4le de celui qui fait une \u0153uvre et le p\u00f4le de celui qui la regarde. Je donne \u00e0 celui qui la regarde autant d\u2019importance qu\u2019\u00e0 celui qui la fait.\u00a0\u00bb<\/em><\/strong><\/span><br \/>\nMarcel Duchamp<br \/>\nEntretiens avec Pierre Cabanne<\/p>\n<p>Ce th\u00e8me met en opposition deux \u00e9tats contradictoires, l\u2019immobilit\u00e9 et le mouvement. Les artistes plasticiens de no-made vont relever le d\u00e9fi de mettre en sc\u00e8ne cette contradiction au sein d\u2019un campus dont le cursus est li\u00e9 essentiellement au mouvement du corps.<br \/>\nCe qui peut para\u00eetre comme une forme oxymorique n\u2019est en fait qu\u2019une r\u00e9alit\u00e9, l\u2019immobilit\u00e9 na\u00eet du mouvement. La contraction extr\u00eame du mouvement engendre un \u00e9tat, l\u2019immobilit\u00e9.<\/p>\n<p>L\u2019immobilit\u00e9 est un \u00e9tat, \u00e9tat de celui ou de ce qui cesse de se mouvoir, \u00e9tat de ce qui reste en suspension et qui peut \u00eatre mesur\u00e9 en fonction d\u2019un rep\u00e8re et notamment du r\u00e9f\u00e9rentiel terrestre.<\/p>\n<p>Une position stable entre deux actions, un point d\u2019\u00e9quilibre avant de basculer vers le mouvement, cet \u00e9tat peut \u00eatre qualifi\u00e9 de point d\u2019immobilit\u00e9.<br \/>\nC\u2019est ce point qui permet de canaliser les \u00e9motions et de d\u00e9passer l\u2019\u00e9motivit\u00e9 pour atteindre la concentration qui donne sa force au mouvement\u00a0: le regard, le souffle, une main, un pied\u2026 et g\u00e9n\u00e8re le d\u00e9passement de soi.<\/p>\n<p>La plupart des \u0153uvres qui seront expos\u00e9es ont un lien avec le mouvement, elles vont l\u2019\u00e9voquer, le repr\u00e9senter, le figurer, le susciter, le sugg\u00e9rer, le symboliser mais tr\u00e8s rarement le cr\u00e9er.<br \/>\nPour le sculpteur repr\u00e9senter le mouvement est un paradoxe. Sculpter la mobilit\u00e9 est en proposer une image, sa repr\u00e9sentation se fige et la fixe dans l\u2019immobilit\u00e9, pour le sculpteur le mouvement r\u00e9side dans l\u2019immobilit\u00e9, le mouvement est potentiellement pr\u00e9sent dans l\u2019immobilit\u00e9.<br \/>\nAlors cette suspension, ce temps d\u2019arr\u00eat convoque le regard, m\u00eame fugace, le regardeur va participer \u00e0 l\u2019\u0153uvre, il en est un des \u00e9l\u00e9ments, il va la situer dans le temps et dans l\u2019espace, lui donner sa place. Il va la rendre mouvante, dynamique.<\/p>\n<p>Denis Gibelin<\/p>\n<p><span style=\"color: #333399;\"><a style=\"color: #333399;\" href=\"https:\/\/no-made.net\/wp-content\/uploads\/2016\/02\/dossier-DE-PRESSE-2016finalDS-1.pdf\" rel=\"\">Le dossier de presse<\/a><\/span><\/p>\n<p>les artistes :<\/p>\n<p><span style=\"color: #333399;\"><a style=\"color: #333399;\" href=\"https:\/\/no-made.net\/wp-content\/uploads\/2016\/02\/annexe-2-artistes.-compress\u00e9.pdf\" rel=\"\">Les 12 projets<\/a>\u00a0<\/span><\/p>\n<p>L&rsquo;exposition :<\/p>\n<p><a href=\"https:\/\/no-made.net\/index.php\/annales\/les-printemps-2\/staps\/lexposition\/\"><span style=\"color: #333399;\">La visite<\/span><\/a><\/p>\n","protected":false},"excerpt":{"rendered":"<p>L\u2019immobilit\u00e9 dans le mouvement \u00ab\u00a0Il y a le p\u00f4le de celui qui fait une \u0153uvre et le p\u00f4le de celui qui la regarde. Je donne \u00e0 celui qui la regarde autant d\u2019importance qu\u2019\u00e0 celui qui la fait.\u00a0\u00bb Marcel Duchamp Entretiens avec Pierre Cabanne Ce th\u00e8me met en opposition deux \u00e9tats contradictoires, l\u2019immobilit\u00e9 et le mouvement. &hellip; <a href=\"https:\/\/no-made.net\/index.php\/annales\/les-printemps-2\/staps\/\" class=\"more-link\">Continuer la lecture de <span class=\"screen-reader-text\">Staps<\/span><\/a><\/p>\n","protected":false},"author":1,"featured_media":180,"parent":188,"menu_order":2,"comment_status":"closed","ping_status":"closed","template":"","meta":{"jetpack_post_was_ever_published":false,"footnotes":""},"class_list":["post-44","page","type-page","status-publish","has-post-thumbnail","hentry"],"jetpack_sharing_enabled":true,"jetpack_shortlink":"https:\/\/wp.me\/P7iEVt-I","jetpack-related-posts":[{"id":287,"url":"https:\/\/no-made.net\/index.php\/poursuite-cap-dail-2016\/","url_meta":{"origin":44,"position":0},"title":"2016 : PourSuitE","author":"no-made","date":"18 ao\u00fbt 2016","format":false,"excerpt":"\u00a0Septembre L'exposition est ouverte. D\u00e9j\u00e0 un livret-outil pour accompagner une visite au Roc Fleuri. Le catalogue suivra plus tard. Le mot du Pr\u00e9sident Ce th\u00e8me s\u2019inscrit dans la continuit\u00e9 de \u00ab l\u2019immobilit\u00e9 dans le mouvement\u00a0\u00bb pr\u00e9sent\u00e9e au STAPS en 2016 et \u00ab\u00a0 de point(s) de vue, point(s) de vie\u00a0\u00bb \u00e0\u2026","rel":"","context":"Article similaire","block_context":{"text":"Article similaire","link":""},"img":{"alt_text":"affiche2016-web","src":"https:\/\/i0.wp.com\/no-made.net\/wp-content\/uploads\/2016\/08\/affiche2016-web-218x300.jpg?resize=350%2C200","width":350,"height":200},"classes":[]},{"id":1260,"url":"https:\/\/no-made.net\/index.php\/2021-2\/","url_meta":{"origin":44,"position":1},"title":"2021 : Jardins d&rsquo;Artistes","author":"no-made","date":"8 janvier 2021","format":false,"excerpt":"6 artistes ont pr\u00e9sent\u00e9 de nouvelles \u0153uvres \u00e0 l'Arboretum de Roure cette ann\u00e9e autour des \"r\u00e9sidentes\" ; Joan Bettini \/ Lorenzo Biagi \/ Sally Ducrow \/ Denis Gibelin \/ Mich\u00e8le Kleijnen. Nicolas Lavarenne pr\u00e9vu n'a pas pu nous rejoindre. Alain Baudry (Chercheur de son) a r\u00e9alis\u00e9 un prise de son\u2026","rel":"","context":"Article similaire","block_context":{"text":"Article similaire","link":""},"img":{"alt_text":"","src":"https:\/\/i0.wp.com\/no-made.net\/wp-content\/uploads\/2021\/06\/Site-1-1-scaled.jpg?resize=350%2C200","width":350,"height":200,"srcset":"https:\/\/i0.wp.com\/no-made.net\/wp-content\/uploads\/2021\/06\/Site-1-1-scaled.jpg?resize=350%2C200 1x, https:\/\/i0.wp.com\/no-made.net\/wp-content\/uploads\/2021\/06\/Site-1-1-scaled.jpg?resize=525%2C300 1.5x, https:\/\/i0.wp.com\/no-made.net\/wp-content\/uploads\/2021\/06\/Site-1-1-scaled.jpg?resize=700%2C400 2x, https:\/\/i0.wp.com\/no-made.net\/wp-content\/uploads\/2021\/06\/Site-1-1-scaled.jpg?resize=1050%2C600 3x, https:\/\/i0.wp.com\/no-made.net\/wp-content\/uploads\/2021\/06\/Site-1-1-scaled.jpg?resize=1400%2C800 4x"},"classes":[]},{"id":3863,"url":"https:\/\/no-made.net\/","url_meta":{"origin":44,"position":2},"title":"2026 : Arboretum de Roure, l.t.p &#8211; \u00ab\u00a0on peut r\u00e9fl\u00e9chir encore un peu\u2026\u00a0\u00bb","author":"no-made","date":"16 mars 2026","format":false,"excerpt":"l.e t.erritoire p.artag\u00e9 Apr\u00e8s l'AG de vendredi 3 avril, voici le th\u00e8me pour Roure cette ann\u00e9e. On pr\u00e9pare l'appel \u00e0 projets...","rel":"","context":"Article similaire","block_context":{"text":"Article similaire","link":""},"img":{"alt_text":"","src":"","width":0,"height":0},"classes":[]},{"id":2935,"url":"https:\/\/no-made.net\/index.php\/2023-2024-du-territoire-partage-a-la-non-intervention\/","url_meta":{"origin":44,"position":3},"title":"2024 : Arboretum de Roure, du\u00a0territoire partag\u00e9\u00a0\u00e0 la non-intervention","author":"no-made","date":"4 octobre 2023","format":false,"excerpt":"affiche 2024 d\u00e9finitive Expo en cours - ouverte toute l'ann\u00e9e. L'Arboretum vous acceuille de mai \u00e0 octobre de 10h00 \u00e0 18h00 et de novembre \u00e0 avril de 10h00 \u00e0 16h00 Pour vous rendre \u00e0 l'arboretum Apr\u00e8s le vernissage du 5 octobre 2024, l'exposition est lanc\u00e9e et la r\u00e9flexion continue... En\u2026","rel":"","context":"Article similaire","block_context":{"text":"Article similaire","link":""},"img":{"alt_text":"","src":"https:\/\/i0.wp.com\/no-made.net\/wp-content\/uploads\/2024\/09\/affiche-2024-ete-2025-scaled.jpg?resize=350%2C200","width":350,"height":200,"srcset":"https:\/\/i0.wp.com\/no-made.net\/wp-content\/uploads\/2024\/09\/affiche-2024-ete-2025-scaled.jpg?resize=350%2C200 1x, https:\/\/i0.wp.com\/no-made.net\/wp-content\/uploads\/2024\/09\/affiche-2024-ete-2025-scaled.jpg?resize=525%2C300 1.5x, https:\/\/i0.wp.com\/no-made.net\/wp-content\/uploads\/2024\/09\/affiche-2024-ete-2025-scaled.jpg?resize=700%2C400 2x, https:\/\/i0.wp.com\/no-made.net\/wp-content\/uploads\/2024\/09\/affiche-2024-ete-2025-scaled.jpg?resize=1050%2C600 3x, https:\/\/i0.wp.com\/no-made.net\/wp-content\/uploads\/2024\/09\/affiche-2024-ete-2025-scaled.jpg?resize=1400%2C800 4x"},"classes":[]},{"id":2136,"url":"https:\/\/no-made.net\/index.php\/2022-collection-permanente-a-larbo\/","url_meta":{"origin":44,"position":4},"title":"2022 : Collection Permanente \u00e0 l&rsquo;Arboretum de Roure","author":"no-made","date":"14 ao\u00fbt 2022","format":false,"excerpt":"Le site de l\u2019Arboretum est ouvert toute l\u2019ann\u00e9e et vous accueille de mai \u00e0 octobre de 10h et 18h et de novembre \u00e0 avril de 10h \u00e0 16h - Pour plus d'information, merci de visiter le site de l'Arboretum de Roure (arboretum-roure.org) Quelques photos prises lors du vernissage de la\u2026","rel":"","context":"Article similaire","block_context":{"text":"Article similaire","link":""},"img":{"alt_text":"","src":"https:\/\/i0.wp.com\/no-made.net\/wp-content\/uploads\/2022\/10\/IMG_20221002_110845-scaled.jpg?resize=350%2C200","width":350,"height":200,"srcset":"https:\/\/i0.wp.com\/no-made.net\/wp-content\/uploads\/2022\/10\/IMG_20221002_110845-scaled.jpg?resize=350%2C200 1x, https:\/\/i0.wp.com\/no-made.net\/wp-content\/uploads\/2022\/10\/IMG_20221002_110845-scaled.jpg?resize=525%2C300 1.5x, https:\/\/i0.wp.com\/no-made.net\/wp-content\/uploads\/2022\/10\/IMG_20221002_110845-scaled.jpg?resize=700%2C400 2x, https:\/\/i0.wp.com\/no-made.net\/wp-content\/uploads\/2022\/10\/IMG_20221002_110845-scaled.jpg?resize=1050%2C600 3x, https:\/\/i0.wp.com\/no-made.net\/wp-content\/uploads\/2022\/10\/IMG_20221002_110845-scaled.jpg?resize=1400%2C800 4x"},"classes":[]},{"id":1946,"url":"https:\/\/no-made.net\/index.php\/2022-2\/","url_meta":{"origin":44,"position":5},"title":"2022 : Substrat","author":"no-made","date":"6 janvier 2022","format":false,"excerpt":"L'Expo est ouverte tous les jours depuis le 4 septembre. Prochains \u00e9v\u00e8nements samedi 24 septembre 14h00 et 16h00, avant la fermeture de l'Expo le mardi 27 sept 2022 https:\/\/youtu.be\/Rri1yyX3qAo Entretiens avec les artistes (mise \u00e0 jour le 21 sept 2022) ... Les \u00e9v\u00e8nements ... Les artistes expos\u00e9s ... St\u00e9phanie Lobry\u2026","rel":"","context":"Article similaire","block_context":{"text":"Article similaire","link":""},"img":{"alt_text":"","src":"https:\/\/i0.wp.com\/no-made.net\/wp-content\/uploads\/2022\/09\/Carton-SUBSTRAT11-scaled.jpg?resize=350%2C200","width":350,"height":200,"srcset":"https:\/\/i0.wp.com\/no-made.net\/wp-content\/uploads\/2022\/09\/Carton-SUBSTRAT11-scaled.jpg?resize=350%2C200 1x, https:\/\/i0.wp.com\/no-made.net\/wp-content\/uploads\/2022\/09\/Carton-SUBSTRAT11-scaled.jpg?resize=525%2C300 1.5x, https:\/\/i0.wp.com\/no-made.net\/wp-content\/uploads\/2022\/09\/Carton-SUBSTRAT11-scaled.jpg?resize=700%2C400 2x, https:\/\/i0.wp.com\/no-made.net\/wp-content\/uploads\/2022\/09\/Carton-SUBSTRAT11-scaled.jpg?resize=1050%2C600 3x, https:\/\/i0.wp.com\/no-made.net\/wp-content\/uploads\/2022\/09\/Carton-SUBSTRAT11-scaled.jpg?resize=1400%2C800 4x"},"classes":[]}],"_links":{"self":[{"href":"https:\/\/no-made.net\/index.php\/wp-json\/wp\/v2\/pages\/44","targetHints":{"allow":["GET"]}}],"collection":[{"href":"https:\/\/no-made.net\/index.php\/wp-json\/wp\/v2\/pages"}],"about":[{"href":"https:\/\/no-made.net\/index.php\/wp-json\/wp\/v2\/types\/page"}],"author":[{"embeddable":true,"href":"https:\/\/no-made.net\/index.php\/wp-json\/wp\/v2\/users\/1"}],"replies":[{"embeddable":true,"href":"https:\/\/no-made.net\/index.php\/wp-json\/wp\/v2\/comments?post=44"}],"version-history":[{"count":12,"href":"https:\/\/no-made.net\/index.php\/wp-json\/wp\/v2\/pages\/44\/revisions"}],"predecessor-version":[{"id":281,"href":"https:\/\/no-made.net\/index.php\/wp-json\/wp\/v2\/pages\/44\/revisions\/281"}],"up":[{"embeddable":true,"href":"https:\/\/no-made.net\/index.php\/wp-json\/wp\/v2\/pages\/188"}],"wp:featuredmedia":[{"embeddable":true,"href":"https:\/\/no-made.net\/index.php\/wp-json\/wp\/v2\/media\/180"}],"wp:attachment":[{"href":"https:\/\/no-made.net\/index.php\/wp-json\/wp\/v2\/media?parent=44"}],"curies":[{"name":"wp","href":"https:\/\/api.w.org\/{rel}","templated":true}]}}