{"id":445,"date":"2017-09-25T17:21:09","date_gmt":"2017-09-25T16:21:09","guid":{"rendered":"http:\/\/no-made.net\/?page_id=445"},"modified":"2017-09-25T17:23:49","modified_gmt":"2017-09-25T16:23:49","slug":"2017-roure-le-livre-et-plus","status":"publish","type":"page","link":"https:\/\/no-made.net\/index.php\/annales\/2017-dematerialisation\/2017-roure-le-livre-et-plus\/","title":{"rendered":"2017 : Roure, le livre et plus"},"content":{"rendered":"<p><a href=\"https:\/\/i0.wp.com\/no-made.net\/wp-content\/uploads\/2017\/09\/affichederniereversion-web.jpg?ssl=1\"><img data-recalc-dims=\"1\" loading=\"lazy\" decoding=\"async\" data-attachment-id=\"440\" data-permalink=\"https:\/\/no-made.net\/index.php\/annales\/2017-dematerialisation\/2017-roure-le-livre-et-plus\/affichederniereversion-web\/\" data-orig-file=\"https:\/\/i0.wp.com\/no-made.net\/wp-content\/uploads\/2017\/09\/affichederniereversion-web.jpg?fit=712%2C1000&amp;ssl=1\" data-orig-size=\"712,1000\" data-comments-opened=\"0\" data-image-meta=\"{&quot;aperture&quot;:&quot;0&quot;,&quot;credit&quot;:&quot;&quot;,&quot;camera&quot;:&quot;&quot;,&quot;caption&quot;:&quot;&quot;,&quot;created_timestamp&quot;:&quot;0&quot;,&quot;copyright&quot;:&quot;&quot;,&quot;focal_length&quot;:&quot;0&quot;,&quot;iso&quot;:&quot;0&quot;,&quot;shutter_speed&quot;:&quot;0&quot;,&quot;title&quot;:&quot;&quot;,&quot;orientation&quot;:&quot;0&quot;}\" data-image-title=\"affichederniereversion-web\" data-image-description=\"\" data-image-caption=\"\" data-large-file=\"https:\/\/i0.wp.com\/no-made.net\/wp-content\/uploads\/2017\/09\/affichederniereversion-web.jpg?fit=660%2C927&amp;ssl=1\" class=\"aligncenter wp-image-440 size-full\" src=\"https:\/\/i0.wp.com\/no-made.net\/wp-content\/uploads\/2017\/09\/affichederniereversion-web.jpg?resize=660%2C927&#038;ssl=1\" alt=\"\" width=\"660\" height=\"927\" srcset=\"https:\/\/i0.wp.com\/no-made.net\/wp-content\/uploads\/2017\/09\/affichederniereversion-web.jpg?w=712&amp;ssl=1 712w, https:\/\/i0.wp.com\/no-made.net\/wp-content\/uploads\/2017\/09\/affichederniereversion-web.jpg?resize=107%2C150&amp;ssl=1 107w, https:\/\/i0.wp.com\/no-made.net\/wp-content\/uploads\/2017\/09\/affichederniereversion-web.jpg?resize=214%2C300&amp;ssl=1 214w\" sizes=\"auto, (max-width: 660px) 100vw, 660px\" \/><\/a><\/p>\n","protected":false},"excerpt":{"rendered":"","protected":false},"author":1,"featured_media":0,"parent":408,"menu_order":2,"comment_status":"closed","ping_status":"closed","template":"","meta":{"jetpack_post_was_ever_published":false,"footnotes":""},"class_list":["post-445","page","type-page","status-publish","hentry"],"jetpack_sharing_enabled":true,"jetpack_shortlink":"https:\/\/wp.me\/P7iEVt-7b","jetpack-related-posts":[{"id":35,"url":"https:\/\/no-made.net\/index.php\/annales\/","url_meta":{"origin":445,"position":0},"title":"Dossiers et catalogues : 2003 \u27f6 2017","author":"no-made","date":"30 janvier 2016","format":false,"excerpt":"Les archives des expositions de no-made depuis l'ann\u00e9e 2003 sont en ligne sous forme de dossiers ou catalogues sur le site calameo.com et plus particuli\u00e8rement ici : 2003, dossier sign\u00e9 Ben 2004, catalogue sign\u00e9 Ernest Pignon Ernest, Cap d'Ail-Villa Le Roc Fleuri, Arbor\u00e9tum de Roure 2004, dossier sign\u00e9 Ernest Pignon\u2026","rel":"","context":"Article similaire","block_context":{"text":"Article similaire","link":""},"img":{"alt_text":"","src":"","width":0,"height":0},"classes":[]},{"id":154,"url":"https:\/\/no-made.net\/index.php\/annales\/roure-3\/","url_meta":{"origin":445,"position":1},"title":"Roure","author":"no-made","date":"10 f\u00e9vrier 2016","format":false,"excerpt":"Quelques vues aussi : \u00a0 \u00a0 \u00a0 \u00a0 \u00a0 \u00a0","rel":"","context":"Article similaire","block_context":{"text":"Article similaire","link":""},"img":{"alt_text":"Roche-roure-15-web","src":"https:\/\/i0.wp.com\/no-made.net\/wp-content\/uploads\/2016\/02\/Roche-roure-15-web-300x200.jpg?resize=350%2C200","width":350,"height":200},"classes":[]},{"id":982,"url":"https:\/\/no-made.net\/index.php\/2019-roure-dolle\/","url_meta":{"origin":445,"position":2},"title":"2019 : Roure, Doll\u00e9","author":"no-made","date":"27 novembre 2019","format":false,"excerpt":"2003-2019, l'Arboretum de Louis Doll\u00e9. Le catalogue de l'exposition : une visite guid\u00e9e.","rel":"","context":"Article similaire","block_context":{"text":"Article similaire","link":""},"img":{"alt_text":"","src":"https:\/\/i0.wp.com\/no-made.net\/wp-content\/uploads\/2019\/11\/liste-des-oeuvres-web.jpg?resize=350%2C200","width":350,"height":200,"srcset":"https:\/\/i0.wp.com\/no-made.net\/wp-content\/uploads\/2019\/11\/liste-des-oeuvres-web.jpg?resize=350%2C200 1x, https:\/\/i0.wp.com\/no-made.net\/wp-content\/uploads\/2019\/11\/liste-des-oeuvres-web.jpg?resize=525%2C300 1.5x, https:\/\/i0.wp.com\/no-made.net\/wp-content\/uploads\/2019\/11\/liste-des-oeuvres-web.jpg?resize=700%2C400 2x"},"classes":[]},{"id":3492,"url":"https:\/\/no-made.net\/index.php\/2025-d-t-p-a-l-n-i-le-geste-arboretum-de-roure\/","url_meta":{"origin":445,"position":3},"title":"2025 : Arboretum de Roure, d.t.p.\u00e0.l.n.i  &#8211; Le Geste","author":"no-made","date":"26 juillet 2025","format":false,"excerpt":"d.u t.\u00e9rritoire p.artag\u00e9 \u00e0 l.a n.on-i.ntervention Dans le cadre de la th\u00e9matique \u00ab du territoire partag\u00e9 \u00e0 la non-intervention \u00bb initi\u00e9e en 2024, nous poursuivons en 2025 avec la notion de \"Geste\" invitation 2025 affiche mains cerf 2025 sans logo Monaco Le Vernissage avec Mme le Maire de Roure Yanne\u2026","rel":"","context":"Article similaire","block_context":{"text":"Article similaire","link":""},"img":{"alt_text":"","src":"https:\/\/i0.wp.com\/no-made.net\/wp-content\/uploads\/2025\/10\/ARBO-01-2-scaled.jpg?resize=350%2C200","width":350,"height":200,"srcset":"https:\/\/i0.wp.com\/no-made.net\/wp-content\/uploads\/2025\/10\/ARBO-01-2-scaled.jpg?resize=350%2C200 1x, https:\/\/i0.wp.com\/no-made.net\/wp-content\/uploads\/2025\/10\/ARBO-01-2-scaled.jpg?resize=525%2C300 1.5x, https:\/\/i0.wp.com\/no-made.net\/wp-content\/uploads\/2025\/10\/ARBO-01-2-scaled.jpg?resize=700%2C400 2x, https:\/\/i0.wp.com\/no-made.net\/wp-content\/uploads\/2025\/10\/ARBO-01-2-scaled.jpg?resize=1050%2C600 3x, https:\/\/i0.wp.com\/no-made.net\/wp-content\/uploads\/2025\/10\/ARBO-01-2-scaled.jpg?resize=1400%2C800 4x"},"classes":[]},{"id":3863,"url":"https:\/\/no-made.net\/","url_meta":{"origin":445,"position":4},"title":"2026 : Arboretum de Roure, l.t.p &#8211; \u00ab\u00a0on peut r\u00e9fl\u00e9chir encore un peu\u2026\u00a0\u00bb","author":"no-made","date":"16 mars 2026","format":false,"excerpt":"l.e t.erritoire p.artag\u00e9 Apr\u00e8s l'AG de vendredi 3 avril, voici le th\u00e8me pour Roure cette ann\u00e9e. On pr\u00e9pare l'appel \u00e0 projets...","rel":"","context":"Article similaire","block_context":{"text":"Article similaire","link":""},"img":{"alt_text":"","src":"","width":0,"height":0},"classes":[]},{"id":1260,"url":"https:\/\/no-made.net\/index.php\/2021-2\/","url_meta":{"origin":445,"position":5},"title":"2021 : Jardins d&rsquo;Artistes","author":"no-made","date":"8 janvier 2021","format":false,"excerpt":"6 artistes ont pr\u00e9sent\u00e9 de nouvelles \u0153uvres \u00e0 l'Arboretum de Roure cette ann\u00e9e autour des \"r\u00e9sidentes\" ; Joan Bettini \/ Lorenzo Biagi \/ Sally Ducrow \/ Denis Gibelin \/ Mich\u00e8le Kleijnen. Nicolas Lavarenne pr\u00e9vu n'a pas pu nous rejoindre. Alain Baudry (Chercheur de son) a r\u00e9alis\u00e9 un prise de son\u2026","rel":"","context":"Article similaire","block_context":{"text":"Article similaire","link":""},"img":{"alt_text":"","src":"https:\/\/i0.wp.com\/no-made.net\/wp-content\/uploads\/2021\/06\/Site-1-1-scaled.jpg?resize=350%2C200","width":350,"height":200,"srcset":"https:\/\/i0.wp.com\/no-made.net\/wp-content\/uploads\/2021\/06\/Site-1-1-scaled.jpg?resize=350%2C200 1x, https:\/\/i0.wp.com\/no-made.net\/wp-content\/uploads\/2021\/06\/Site-1-1-scaled.jpg?resize=525%2C300 1.5x, https:\/\/i0.wp.com\/no-made.net\/wp-content\/uploads\/2021\/06\/Site-1-1-scaled.jpg?resize=700%2C400 2x, https:\/\/i0.wp.com\/no-made.net\/wp-content\/uploads\/2021\/06\/Site-1-1-scaled.jpg?resize=1050%2C600 3x, https:\/\/i0.wp.com\/no-made.net\/wp-content\/uploads\/2021\/06\/Site-1-1-scaled.jpg?resize=1400%2C800 4x"},"classes":[]}],"_links":{"self":[{"href":"https:\/\/no-made.net\/index.php\/wp-json\/wp\/v2\/pages\/445","targetHints":{"allow":["GET"]}}],"collection":[{"href":"https:\/\/no-made.net\/index.php\/wp-json\/wp\/v2\/pages"}],"about":[{"href":"https:\/\/no-made.net\/index.php\/wp-json\/wp\/v2\/types\/page"}],"author":[{"embeddable":true,"href":"https:\/\/no-made.net\/index.php\/wp-json\/wp\/v2\/users\/1"}],"replies":[{"embeddable":true,"href":"https:\/\/no-made.net\/index.php\/wp-json\/wp\/v2\/comments?post=445"}],"version-history":[{"count":1,"href":"https:\/\/no-made.net\/index.php\/wp-json\/wp\/v2\/pages\/445\/revisions"}],"predecessor-version":[{"id":447,"href":"https:\/\/no-made.net\/index.php\/wp-json\/wp\/v2\/pages\/445\/revisions\/447"}],"up":[{"embeddable":true,"href":"https:\/\/no-made.net\/index.php\/wp-json\/wp\/v2\/pages\/408"}],"wp:attachment":[{"href":"https:\/\/no-made.net\/index.php\/wp-json\/wp\/v2\/media?parent=445"}],"curies":[{"name":"wp","href":"https:\/\/api.w.org\/{rel}","templated":true}]}}