{"id":72,"date":"2016-02-04T16:43:01","date_gmt":"2016-02-04T15:43:01","guid":{"rendered":"http:\/\/no-made.net\/?page_id=72"},"modified":"2016-02-09T12:46:23","modified_gmt":"2016-02-09T11:46:23","slug":"flux","status":"publish","type":"page","link":"https:\/\/no-made.net\/index.php\/annales\/flux\/","title":{"rendered":"Flux"},"content":{"rendered":"<p>&nbsp;<\/p>\n<p>Pour tout savoir :<span style=\"color: #333399;\"> <a style=\"color: #333399;\" href=\"http:\/\/www.no-made-flux.fr\/les-paillons\/FluX.html\">le site de l&rsquo;exposition<\/a><\/span><\/p>\n<p>Pour aller plus loin :\u00a0<span style=\"color: #333399;\"><a style=\"color: #333399;\" href=\"https:\/\/no-made.net\/wp-content\/uploads\/2016\/02\/annexe-1-la-presse-fusionn\u00e9.compress\u00e9.pdf\" rel=\"\">Le dossier de presse<\/a><\/span><\/p>\n<p>Et encore plus loin : <span style=\"color: #333399;\"><a style=\"color: #333399;\" href=\"https:\/\/fr.calameo.com\/read\/0044318959f494506d26f\">Le catalogue<\/a><\/span><\/p>\n","protected":false},"excerpt":{"rendered":"<p>&nbsp; Pour tout savoir : le site de l&rsquo;exposition Pour aller plus loin :\u00a0Le dossier de presse Et encore plus loin : Le catalogue<\/p>\n","protected":false},"author":1,"featured_media":81,"parent":35,"menu_order":1,"comment_status":"closed","ping_status":"closed","template":"","meta":{"jetpack_post_was_ever_published":false,"footnotes":""},"class_list":["post-72","page","type-page","status-publish","has-post-thumbnail","hentry"],"jetpack_sharing_enabled":true,"jetpack_shortlink":"https:\/\/wp.me\/P7iEVt-1a","jetpack-related-posts":[{"id":35,"url":"https:\/\/no-made.net\/index.php\/annales\/","url_meta":{"origin":72,"position":0},"title":"Dossiers et catalogues : 2003 \u27f6 2017","author":"no-made","date":"30 janvier 2016","format":false,"excerpt":"Les archives des expositions de no-made depuis l'ann\u00e9e 2003 sont en ligne sous forme de dossiers ou catalogues sur le site calameo.com et plus particuli\u00e8rement ici : 2003, dossier sign\u00e9 Ben 2004, catalogue sign\u00e9 Ernest Pignon Ernest, Cap d'Ail-Villa Le Roc Fleuri, Arbor\u00e9tum de Roure 2004, dossier sign\u00e9 Ernest Pignon\u2026","rel":"","context":"Article similaire","block_context":{"text":"Article similaire","link":""},"img":{"alt_text":"","src":"","width":0,"height":0},"classes":[]},{"id":287,"url":"https:\/\/no-made.net\/index.php\/poursuite-cap-dail-2016\/","url_meta":{"origin":72,"position":1},"title":"2016 : PourSuitE","author":"no-made","date":"18 ao\u00fbt 2016","format":false,"excerpt":"\u00a0Septembre L'exposition est ouverte. D\u00e9j\u00e0 un livret-outil pour accompagner une visite au Roc Fleuri. Le catalogue suivra plus tard. Le mot du Pr\u00e9sident Ce th\u00e8me s\u2019inscrit dans la continuit\u00e9 de \u00ab l\u2019immobilit\u00e9 dans le mouvement\u00a0\u00bb pr\u00e9sent\u00e9e au STAPS en 2016 et \u00ab\u00a0 de point(s) de vue, point(s) de vie\u00a0\u00bb \u00e0\u2026","rel":"","context":"Article similaire","block_context":{"text":"Article similaire","link":""},"img":{"alt_text":"affiche2016-web","src":"https:\/\/i0.wp.com\/no-made.net\/wp-content\/uploads\/2016\/08\/affiche2016-web-218x300.jpg?resize=350%2C200","width":350,"height":200},"classes":[]},{"id":982,"url":"https:\/\/no-made.net\/index.php\/2019-roure-dolle\/","url_meta":{"origin":72,"position":2},"title":"2019 : Roure, Doll\u00e9","author":"no-made","date":"27 novembre 2019","format":false,"excerpt":"2003-2019, l'Arboretum de Louis Doll\u00e9. Le catalogue de l'exposition : une visite guid\u00e9e.","rel":"","context":"Article similaire","block_context":{"text":"Article similaire","link":""},"img":{"alt_text":"","src":"https:\/\/i0.wp.com\/no-made.net\/wp-content\/uploads\/2019\/11\/liste-des-oeuvres-web.jpg?resize=350%2C200","width":350,"height":200,"srcset":"https:\/\/i0.wp.com\/no-made.net\/wp-content\/uploads\/2019\/11\/liste-des-oeuvres-web.jpg?resize=350%2C200 1x, https:\/\/i0.wp.com\/no-made.net\/wp-content\/uploads\/2019\/11\/liste-des-oeuvres-web.jpg?resize=525%2C300 1.5x, https:\/\/i0.wp.com\/no-made.net\/wp-content\/uploads\/2019\/11\/liste-des-oeuvres-web.jpg?resize=700%2C400 2x"},"classes":[]},{"id":640,"url":"https:\/\/no-made.net\/index.php\/villa-thuret-2018\/","url_meta":{"origin":72,"position":3},"title":"2018 : Villa Thuret, Antibes","author":"no-made","date":"11 juin 2018","format":false,"excerpt":"Travail de no-made dans le jardin de la Villa Thuret \u00e0 Antibes. Visible du 3 juin au 16 septembre. plan et emplacement des \u0153uvres Le catalogue de l'exposition Une visite partielle, subjective et partiale.","rel":"","context":"Article similaire","block_context":{"text":"Article similaire","link":""},"img":{"alt_text":"","src":"https:\/\/i0.wp.com\/no-made.net\/wp-content\/uploads\/2018\/06\/thuret-1.jpg?resize=350%2C200","width":350,"height":200,"srcset":"https:\/\/i0.wp.com\/no-made.net\/wp-content\/uploads\/2018\/06\/thuret-1.jpg?resize=350%2C200 1x, https:\/\/i0.wp.com\/no-made.net\/wp-content\/uploads\/2018\/06\/thuret-1.jpg?resize=525%2C300 1.5x, https:\/\/i0.wp.com\/no-made.net\/wp-content\/uploads\/2018\/06\/thuret-1.jpg?resize=700%2C400 2x"},"classes":[]},{"id":44,"url":"https:\/\/no-made.net\/index.php\/annales\/les-printemps-2\/staps\/","url_meta":{"origin":72,"position":4},"title":"Staps","author":"no-made","date":"1 f\u00e9vrier 2016","format":false,"excerpt":"L\u2019immobilit\u00e9 dans le mouvement \u00ab\u00a0Il y a le p\u00f4le de celui qui fait une \u0153uvre et le p\u00f4le de celui qui la regarde. Je donne \u00e0 celui qui la regarde autant d\u2019importance qu\u2019\u00e0 celui qui la fait.\u00a0\u00bb Marcel Duchamp Entretiens avec Pierre Cabanne Ce th\u00e8me met en opposition deux \u00e9tats\u2026","rel":"","context":"Article similaire","block_context":{"text":"Article similaire","link":""},"img":{"alt_text":"","src":"","width":0,"height":0},"classes":[]},{"id":408,"url":"https:\/\/no-made.net\/index.php\/annales\/2017-dematerialisation\/","url_meta":{"origin":72,"position":5},"title":"2017 : d\u00e9mat\u00e9rialisation","author":"no-made","date":"9 ao\u00fbt 2017","format":false,"excerpt":"Denis Gibelin \u00a0 Dossier de presse et argumentaire","rel":"","context":"Article similaire","block_context":{"text":"Article similaire","link":""},"img":{"alt_text":"","src":"https:\/\/i0.wp.com\/no-made.net\/wp-content\/uploads\/2017\/09\/affiche2017.jpg?resize=350%2C200","width":350,"height":200,"srcset":"https:\/\/i0.wp.com\/no-made.net\/wp-content\/uploads\/2017\/09\/affiche2017.jpg?resize=350%2C200 1x, https:\/\/i0.wp.com\/no-made.net\/wp-content\/uploads\/2017\/09\/affiche2017.jpg?resize=525%2C300 1.5x"},"classes":[]}],"_links":{"self":[{"href":"https:\/\/no-made.net\/index.php\/wp-json\/wp\/v2\/pages\/72","targetHints":{"allow":["GET"]}}],"collection":[{"href":"https:\/\/no-made.net\/index.php\/wp-json\/wp\/v2\/pages"}],"about":[{"href":"https:\/\/no-made.net\/index.php\/wp-json\/wp\/v2\/types\/page"}],"author":[{"embeddable":true,"href":"https:\/\/no-made.net\/index.php\/wp-json\/wp\/v2\/users\/1"}],"replies":[{"embeddable":true,"href":"https:\/\/no-made.net\/index.php\/wp-json\/wp\/v2\/comments?post=72"}],"version-history":[{"count":8,"href":"https:\/\/no-made.net\/index.php\/wp-json\/wp\/v2\/pages\/72\/revisions"}],"predecessor-version":[{"id":118,"href":"https:\/\/no-made.net\/index.php\/wp-json\/wp\/v2\/pages\/72\/revisions\/118"}],"up":[{"embeddable":true,"href":"https:\/\/no-made.net\/index.php\/wp-json\/wp\/v2\/pages\/35"}],"wp:featuredmedia":[{"embeddable":true,"href":"https:\/\/no-made.net\/index.php\/wp-json\/wp\/v2\/media\/81"}],"wp:attachment":[{"href":"https:\/\/no-made.net\/index.php\/wp-json\/wp\/v2\/media?parent=72"}],"curies":[{"name":"wp","href":"https:\/\/api.w.org\/{rel}","templated":true}]}}