{"id":869,"date":"2019-05-13T17:17:39","date_gmt":"2019-05-13T16:17:39","guid":{"rendered":"http:\/\/no-made.net\/?page_id=869"},"modified":"2019-05-13T17:32:57","modified_gmt":"2019-05-13T16:32:57","slug":"2019-jardin-thuret-2","status":"publish","type":"page","link":"https:\/\/no-made.net\/index.php\/2019-jardin-thuret-2\/","title":{"rendered":"2019 : Villa Thuret, Antibes-bis"},"content":{"rendered":"\n<p>Une visite non exhaustive de l&rsquo;exposition.<\/p>\n\n\n\n<ul class=\"wp-block-gallery columns-3 is-cropped wp-block-gallery-1 is-layout-flex wp-block-gallery-is-layout-flex\"><li class=\"blocks-gallery-item\"><figure><img data-recalc-dims=\"1\" loading=\"lazy\" decoding=\"async\" width=\"660\" height=\"660\" data-attachment-id=\"861\" data-permalink=\"https:\/\/no-made.net\/img_8409\/\" data-orig-file=\"https:\/\/i0.wp.com\/no-made.net\/wp-content\/uploads\/2019\/05\/IMG_8409.jpeg?fit=2448%2C2448&amp;ssl=1\" data-orig-size=\"2448,2448\" data-comments-opened=\"0\" data-image-meta=\"{&quot;aperture&quot;:&quot;2.2&quot;,&quot;credit&quot;:&quot;&quot;,&quot;camera&quot;:&quot;iPhone 5s&quot;,&quot;caption&quot;:&quot;&quot;,&quot;created_timestamp&quot;:&quot;1554486405&quot;,&quot;copyright&quot;:&quot;&quot;,&quot;focal_length&quot;:&quot;4.15&quot;,&quot;iso&quot;:&quot;32&quot;,&quot;shutter_speed&quot;:&quot;0.0013642564802183&quot;,&quot;title&quot;:&quot;&quot;,&quot;orientation&quot;:&quot;0&quot;}\" data-image-title=\"IMG_8409\" data-image-description=\"\" data-image-caption=\"&lt;p&gt;Mich\u00e8le Kleijnen&lt;\/p&gt;\n\" data-large-file=\"https:\/\/i0.wp.com\/no-made.net\/wp-content\/uploads\/2019\/05\/IMG_8409.jpeg?fit=660%2C660&amp;ssl=1\" src=\"https:\/\/i0.wp.com\/no-made.net\/wp-content\/uploads\/2019\/05\/IMG_8409.jpeg?resize=660%2C660&#038;ssl=1\" alt=\"\" data-id=\"861\" data-link=\"https:\/\/no-made.net\/img_8409\/\" class=\"wp-image-861\" srcset=\"https:\/\/i0.wp.com\/no-made.net\/wp-content\/uploads\/2019\/05\/IMG_8409.jpeg?resize=1024%2C1024&amp;ssl=1 1024w, https:\/\/i0.wp.com\/no-made.net\/wp-content\/uploads\/2019\/05\/IMG_8409.jpeg?resize=150%2C150&amp;ssl=1 150w, https:\/\/i0.wp.com\/no-made.net\/wp-content\/uploads\/2019\/05\/IMG_8409.jpeg?resize=300%2C300&amp;ssl=1 300w, https:\/\/i0.wp.com\/no-made.net\/wp-content\/uploads\/2019\/05\/IMG_8409.jpeg?w=1320&amp;ssl=1 1320w, https:\/\/i0.wp.com\/no-made.net\/wp-content\/uploads\/2019\/05\/IMG_8409.jpeg?w=1980&amp;ssl=1 1980w\" sizes=\"auto, (max-width: 660px) 100vw, 660px\" \/><figcaption>Mich\u00e8le Kleijnen<\/figcaption><\/figure><\/li><li class=\"blocks-gallery-item\"><figure><img data-recalc-dims=\"1\" loading=\"lazy\" decoding=\"async\" width=\"660\" height=\"495\" data-attachment-id=\"864\" data-permalink=\"https:\/\/no-made.net\/img_8416-web-2\/\" data-orig-file=\"https:\/\/i0.wp.com\/no-made.net\/wp-content\/uploads\/2019\/05\/IMG_8416-web.jpg?fit=1024%2C768&amp;ssl=1\" data-orig-size=\"1024,768\" data-comments-opened=\"0\" data-image-meta=\"{&quot;aperture&quot;:&quot;0&quot;,&quot;credit&quot;:&quot;&quot;,&quot;camera&quot;:&quot;&quot;,&quot;caption&quot;:&quot;&quot;,&quot;created_timestamp&quot;:&quot;0&quot;,&quot;copyright&quot;:&quot;&quot;,&quot;focal_length&quot;:&quot;0&quot;,&quot;iso&quot;:&quot;0&quot;,&quot;shutter_speed&quot;:&quot;0&quot;,&quot;title&quot;:&quot;&quot;,&quot;orientation&quot;:&quot;0&quot;}\" data-image-title=\"IMG_8416-web\" data-image-description=\"\" data-image-caption=\"&lt;p&gt;Denis Gibelin&lt;\/p&gt;\n\" data-large-file=\"https:\/\/i0.wp.com\/no-made.net\/wp-content\/uploads\/2019\/05\/IMG_8416-web.jpg?fit=660%2C495&amp;ssl=1\" src=\"https:\/\/i0.wp.com\/no-made.net\/wp-content\/uploads\/2019\/05\/IMG_8416-web.jpg?resize=660%2C495&#038;ssl=1\" alt=\"\" data-id=\"864\" data-link=\"https:\/\/no-made.net\/img_8416-web-2\/\" class=\"wp-image-864\" srcset=\"https:\/\/i0.wp.com\/no-made.net\/wp-content\/uploads\/2019\/05\/IMG_8416-web.jpg?w=1024&amp;ssl=1 1024w, https:\/\/i0.wp.com\/no-made.net\/wp-content\/uploads\/2019\/05\/IMG_8416-web.jpg?resize=150%2C113&amp;ssl=1 150w, https:\/\/i0.wp.com\/no-made.net\/wp-content\/uploads\/2019\/05\/IMG_8416-web.jpg?resize=300%2C225&amp;ssl=1 300w\" sizes=\"auto, (max-width: 660px) 100vw, 660px\" \/><figcaption>Denis Gibelin<\/figcaption><\/figure><\/li><li class=\"blocks-gallery-item\"><figure><img data-recalc-dims=\"1\" loading=\"lazy\" decoding=\"async\" width=\"660\" height=\"495\" data-attachment-id=\"860\" data-permalink=\"https:\/\/no-made.net\/img_8413-web-2\/\" data-orig-file=\"https:\/\/i0.wp.com\/no-made.net\/wp-content\/uploads\/2019\/05\/IMG_8413-web.jpg?fit=1024%2C768&amp;ssl=1\" data-orig-size=\"1024,768\" data-comments-opened=\"0\" data-image-meta=\"{&quot;aperture&quot;:&quot;0&quot;,&quot;credit&quot;:&quot;&quot;,&quot;camera&quot;:&quot;&quot;,&quot;caption&quot;:&quot;&quot;,&quot;created_timestamp&quot;:&quot;0&quot;,&quot;copyright&quot;:&quot;&quot;,&quot;focal_length&quot;:&quot;0&quot;,&quot;iso&quot;:&quot;0&quot;,&quot;shutter_speed&quot;:&quot;0&quot;,&quot;title&quot;:&quot;&quot;,&quot;orientation&quot;:&quot;0&quot;}\" data-image-title=\"IMG_8413-web\" data-image-description=\"\" data-image-caption=\"&lt;p&gt;Paul Stapelton&lt;\/p&gt;\n\" data-large-file=\"https:\/\/i0.wp.com\/no-made.net\/wp-content\/uploads\/2019\/05\/IMG_8413-web.jpg?fit=660%2C495&amp;ssl=1\" src=\"https:\/\/i0.wp.com\/no-made.net\/wp-content\/uploads\/2019\/05\/IMG_8413-web.jpg?resize=660%2C495&#038;ssl=1\" alt=\"\" data-id=\"860\" data-link=\"https:\/\/no-made.net\/img_8413-web-2\/\" class=\"wp-image-860\" srcset=\"https:\/\/i0.wp.com\/no-made.net\/wp-content\/uploads\/2019\/05\/IMG_8413-web.jpg?w=1024&amp;ssl=1 1024w, https:\/\/i0.wp.com\/no-made.net\/wp-content\/uploads\/2019\/05\/IMG_8413-web.jpg?resize=150%2C113&amp;ssl=1 150w, https:\/\/i0.wp.com\/no-made.net\/wp-content\/uploads\/2019\/05\/IMG_8413-web.jpg?resize=300%2C225&amp;ssl=1 300w\" sizes=\"auto, (max-width: 660px) 100vw, 660px\" \/><figcaption>Paul Stapelton<\/figcaption><\/figure><\/li><li class=\"blocks-gallery-item\"><figure><img data-recalc-dims=\"1\" loading=\"lazy\" decoding=\"async\" width=\"660\" height=\"495\" data-attachment-id=\"865\" data-permalink=\"https:\/\/no-made.net\/img_8426-web-2\/\" data-orig-file=\"https:\/\/i0.wp.com\/no-made.net\/wp-content\/uploads\/2019\/05\/IMG_8426-web.jpg?fit=1024%2C768&amp;ssl=1\" data-orig-size=\"1024,768\" data-comments-opened=\"0\" data-image-meta=\"{&quot;aperture&quot;:&quot;0&quot;,&quot;credit&quot;:&quot;&quot;,&quot;camera&quot;:&quot;&quot;,&quot;caption&quot;:&quot;&quot;,&quot;created_timestamp&quot;:&quot;0&quot;,&quot;copyright&quot;:&quot;&quot;,&quot;focal_length&quot;:&quot;0&quot;,&quot;iso&quot;:&quot;0&quot;,&quot;shutter_speed&quot;:&quot;0&quot;,&quot;title&quot;:&quot;&quot;,&quot;orientation&quot;:&quot;0&quot;}\" data-image-title=\"IMG_8426-web\" data-image-description=\"\" data-image-caption=\"&lt;p&gt;Cathy Cotto&lt;\/p&gt;\n\" data-large-file=\"https:\/\/i0.wp.com\/no-made.net\/wp-content\/uploads\/2019\/05\/IMG_8426-web.jpg?fit=660%2C495&amp;ssl=1\" src=\"https:\/\/i0.wp.com\/no-made.net\/wp-content\/uploads\/2019\/05\/IMG_8426-web.jpg?resize=660%2C495&#038;ssl=1\" alt=\"\" data-id=\"865\" data-link=\"https:\/\/no-made.net\/img_8426-web-2\/\" class=\"wp-image-865\" srcset=\"https:\/\/i0.wp.com\/no-made.net\/wp-content\/uploads\/2019\/05\/IMG_8426-web.jpg?w=1024&amp;ssl=1 1024w, https:\/\/i0.wp.com\/no-made.net\/wp-content\/uploads\/2019\/05\/IMG_8426-web.jpg?resize=150%2C113&amp;ssl=1 150w, https:\/\/i0.wp.com\/no-made.net\/wp-content\/uploads\/2019\/05\/IMG_8426-web.jpg?resize=300%2C225&amp;ssl=1 300w\" sizes=\"auto, (max-width: 660px) 100vw, 660px\" \/><figcaption>Cathy Cotto<\/figcaption><\/figure><\/li><li class=\"blocks-gallery-item\"><figure><img data-recalc-dims=\"1\" loading=\"lazy\" decoding=\"async\" width=\"660\" height=\"495\" data-attachment-id=\"851\" data-permalink=\"https:\/\/no-made.net\/img_8430-web\/\" data-orig-file=\"https:\/\/i0.wp.com\/no-made.net\/wp-content\/uploads\/2019\/04\/IMG_8430-web.jpg?fit=800%2C600&amp;ssl=1\" data-orig-size=\"800,600\" data-comments-opened=\"0\" data-image-meta=\"{&quot;aperture&quot;:&quot;0&quot;,&quot;credit&quot;:&quot;&quot;,&quot;camera&quot;:&quot;&quot;,&quot;caption&quot;:&quot;&quot;,&quot;created_timestamp&quot;:&quot;0&quot;,&quot;copyright&quot;:&quot;&quot;,&quot;focal_length&quot;:&quot;0&quot;,&quot;iso&quot;:&quot;0&quot;,&quot;shutter_speed&quot;:&quot;0&quot;,&quot;title&quot;:&quot;&quot;,&quot;orientation&quot;:&quot;0&quot;}\" data-image-title=\"IMG_8430-web\" data-image-description=\"\" data-image-caption=\"\" data-large-file=\"https:\/\/i0.wp.com\/no-made.net\/wp-content\/uploads\/2019\/04\/IMG_8430-web.jpg?fit=660%2C495&amp;ssl=1\" src=\"https:\/\/i0.wp.com\/no-made.net\/wp-content\/uploads\/2019\/04\/IMG_8430-web.jpg?resize=660%2C495&#038;ssl=1\" alt=\"\" data-id=\"851\" data-link=\"https:\/\/no-made.net\/img_8430-web\/\" class=\"wp-image-851\" srcset=\"https:\/\/i0.wp.com\/no-made.net\/wp-content\/uploads\/2019\/04\/IMG_8430-web.jpg?w=800&amp;ssl=1 800w, https:\/\/i0.wp.com\/no-made.net\/wp-content\/uploads\/2019\/04\/IMG_8430-web.jpg?resize=150%2C113&amp;ssl=1 150w, https:\/\/i0.wp.com\/no-made.net\/wp-content\/uploads\/2019\/04\/IMG_8430-web.jpg?resize=300%2C225&amp;ssl=1 300w\" sizes=\"auto, (max-width: 660px) 100vw, 660px\" \/><figcaption>Isa Rabarot<\/figcaption><\/figure><\/li><li class=\"blocks-gallery-item\"><figure><img data-recalc-dims=\"1\" loading=\"lazy\" decoding=\"async\" width=\"660\" height=\"660\" data-attachment-id=\"863\" data-permalink=\"https:\/\/no-made.net\/img_8411-web\/\" data-orig-file=\"https:\/\/i0.wp.com\/no-made.net\/wp-content\/uploads\/2019\/05\/IMG_8411-web.jpg?fit=1024%2C1024&amp;ssl=1\" data-orig-size=\"1024,1024\" data-comments-opened=\"0\" data-image-meta=\"{&quot;aperture&quot;:&quot;0&quot;,&quot;credit&quot;:&quot;&quot;,&quot;camera&quot;:&quot;&quot;,&quot;caption&quot;:&quot;&quot;,&quot;created_timestamp&quot;:&quot;0&quot;,&quot;copyright&quot;:&quot;&quot;,&quot;focal_length&quot;:&quot;0&quot;,&quot;iso&quot;:&quot;0&quot;,&quot;shutter_speed&quot;:&quot;0&quot;,&quot;title&quot;:&quot;&quot;,&quot;orientation&quot;:&quot;0&quot;}\" data-image-title=\"IMG_8411-web\" data-image-description=\"\" data-image-caption=\"&lt;p&gt;Olivier Roche&lt;\/p&gt;\n\" data-large-file=\"https:\/\/i0.wp.com\/no-made.net\/wp-content\/uploads\/2019\/05\/IMG_8411-web.jpg?fit=660%2C660&amp;ssl=1\" src=\"https:\/\/i0.wp.com\/no-made.net\/wp-content\/uploads\/2019\/05\/IMG_8411-web.jpg?resize=660%2C660&#038;ssl=1\" alt=\"\" data-id=\"863\" data-link=\"https:\/\/no-made.net\/img_8411-web\/\" class=\"wp-image-863\" srcset=\"https:\/\/i0.wp.com\/no-made.net\/wp-content\/uploads\/2019\/05\/IMG_8411-web.jpg?w=1024&amp;ssl=1 1024w, https:\/\/i0.wp.com\/no-made.net\/wp-content\/uploads\/2019\/05\/IMG_8411-web.jpg?resize=150%2C150&amp;ssl=1 150w, https:\/\/i0.wp.com\/no-made.net\/wp-content\/uploads\/2019\/05\/IMG_8411-web.jpg?resize=300%2C300&amp;ssl=1 300w\" sizes=\"auto, (max-width: 660px) 100vw, 660px\" \/><figcaption>Olivier Roche<\/figcaption><\/figure><\/li><li class=\"blocks-gallery-item\"><figure><img data-recalc-dims=\"1\" loading=\"lazy\" decoding=\"async\" width=\"660\" height=\"660\" data-attachment-id=\"862\" data-permalink=\"https:\/\/no-made.net\/img_8429-web-2\/\" data-orig-file=\"https:\/\/i0.wp.com\/no-made.net\/wp-content\/uploads\/2019\/05\/IMG_8429-web.jpg?fit=1024%2C1024&amp;ssl=1\" data-orig-size=\"1024,1024\" data-comments-opened=\"0\" data-image-meta=\"{&quot;aperture&quot;:&quot;0&quot;,&quot;credit&quot;:&quot;&quot;,&quot;camera&quot;:&quot;&quot;,&quot;caption&quot;:&quot;&quot;,&quot;created_timestamp&quot;:&quot;0&quot;,&quot;copyright&quot;:&quot;&quot;,&quot;focal_length&quot;:&quot;0&quot;,&quot;iso&quot;:&quot;0&quot;,&quot;shutter_speed&quot;:&quot;0&quot;,&quot;title&quot;:&quot;&quot;,&quot;orientation&quot;:&quot;0&quot;}\" data-image-title=\"IMG_8429-web\" data-image-description=\"\" data-image-caption=\"&lt;p&gt;Lorenzo Biagi&lt;\/p&gt;\n\" data-large-file=\"https:\/\/i0.wp.com\/no-made.net\/wp-content\/uploads\/2019\/05\/IMG_8429-web.jpg?fit=660%2C660&amp;ssl=1\" src=\"https:\/\/i0.wp.com\/no-made.net\/wp-content\/uploads\/2019\/05\/IMG_8429-web.jpg?resize=660%2C660&#038;ssl=1\" alt=\"\" data-id=\"862\" data-link=\"https:\/\/no-made.net\/img_8429-web-2\/\" class=\"wp-image-862\" srcset=\"https:\/\/i0.wp.com\/no-made.net\/wp-content\/uploads\/2019\/05\/IMG_8429-web.jpg?w=1024&amp;ssl=1 1024w, https:\/\/i0.wp.com\/no-made.net\/wp-content\/uploads\/2019\/05\/IMG_8429-web.jpg?resize=150%2C150&amp;ssl=1 150w, https:\/\/i0.wp.com\/no-made.net\/wp-content\/uploads\/2019\/05\/IMG_8429-web.jpg?resize=300%2C300&amp;ssl=1 300w\" sizes=\"auto, (max-width: 660px) 100vw, 660px\" \/><figcaption>Lorenzo Biagi<\/figcaption><\/figure><\/li><li class=\"blocks-gallery-item\"><figure><img data-recalc-dims=\"1\" loading=\"lazy\" decoding=\"async\" width=\"600\" height=\"800\" data-attachment-id=\"850\" data-permalink=\"https:\/\/no-made.net\/img_8433-web\/\" data-orig-file=\"https:\/\/i0.wp.com\/no-made.net\/wp-content\/uploads\/2019\/04\/IMG_8433-web.jpg?fit=600%2C800&amp;ssl=1\" data-orig-size=\"600,800\" data-comments-opened=\"0\" data-image-meta=\"{&quot;aperture&quot;:&quot;0&quot;,&quot;credit&quot;:&quot;&quot;,&quot;camera&quot;:&quot;&quot;,&quot;caption&quot;:&quot;&quot;,&quot;created_timestamp&quot;:&quot;0&quot;,&quot;copyright&quot;:&quot;&quot;,&quot;focal_length&quot;:&quot;0&quot;,&quot;iso&quot;:&quot;0&quot;,&quot;shutter_speed&quot;:&quot;0&quot;,&quot;title&quot;:&quot;&quot;,&quot;orientation&quot;:&quot;0&quot;}\" data-image-title=\"IMG_8433-web\" data-image-description=\"\" data-image-caption=\"&lt;p&gt;Mary Joly&lt;\/p&gt;\n\" data-large-file=\"https:\/\/i0.wp.com\/no-made.net\/wp-content\/uploads\/2019\/04\/IMG_8433-web.jpg?fit=600%2C800&amp;ssl=1\" src=\"https:\/\/i0.wp.com\/no-made.net\/wp-content\/uploads\/2019\/04\/IMG_8433-web.jpg?resize=600%2C800&#038;ssl=1\" alt=\"\" data-id=\"850\" data-link=\"https:\/\/no-made.net\/img_8433-web\/\" class=\"wp-image-850\" srcset=\"https:\/\/i0.wp.com\/no-made.net\/wp-content\/uploads\/2019\/04\/IMG_8433-web.jpg?w=600&amp;ssl=1 600w, https:\/\/i0.wp.com\/no-made.net\/wp-content\/uploads\/2019\/04\/IMG_8433-web.jpg?resize=113%2C150&amp;ssl=1 113w, https:\/\/i0.wp.com\/no-made.net\/wp-content\/uploads\/2019\/04\/IMG_8433-web.jpg?resize=225%2C300&amp;ssl=1 225w\" sizes=\"auto, (max-width: 600px) 100vw, 600px\" \/><figcaption>Mary Joly<\/figcaption><\/figure><\/li><\/ul>\n","protected":false},"excerpt":{"rendered":"<p>Une visite non exhaustive de l&rsquo;exposition.<\/p>\n","protected":false},"author":1,"featured_media":0,"parent":0,"menu_order":0,"comment_status":"closed","ping_status":"closed","template":"","meta":{"jetpack_post_was_ever_published":false,"footnotes":""},"class_list":["post-869","page","type-page","status-publish","hentry"],"jetpack_sharing_enabled":true,"jetpack_shortlink":"https:\/\/wp.me\/P7iEVt-e1","jetpack-related-posts":[{"id":640,"url":"https:\/\/no-made.net\/index.php\/villa-thuret-2018\/","url_meta":{"origin":869,"position":0},"title":"2018 : Villa Thuret, Antibes","author":"no-made","date":"11 juin 2018","format":false,"excerpt":"Travail de no-made dans le jardin de la Villa Thuret \u00e0 Antibes. Visible du 3 juin au 16 septembre. plan et emplacement des \u0153uvres Le catalogue de l'exposition Une visite partielle, subjective et partiale.","rel":"","context":"Article similaire","block_context":{"text":"Article similaire","link":""},"img":{"alt_text":"","src":"https:\/\/i0.wp.com\/no-made.net\/wp-content\/uploads\/2018\/06\/thuret-1.jpg?resize=350%2C200","width":350,"height":200,"srcset":"https:\/\/i0.wp.com\/no-made.net\/wp-content\/uploads\/2018\/06\/thuret-1.jpg?resize=350%2C200 1x, https:\/\/i0.wp.com\/no-made.net\/wp-content\/uploads\/2018\/06\/thuret-1.jpg?resize=525%2C300 1.5x, https:\/\/i0.wp.com\/no-made.net\/wp-content\/uploads\/2018\/06\/thuret-1.jpg?resize=700%2C400 2x"},"classes":[]},{"id":341,"url":"https:\/\/no-made.net\/index.php\/contacts-et-liens\/","url_meta":{"origin":869,"position":1},"title":"Contacts et liens","author":"no-made","date":"27 janvier 2017","format":false,"excerpt":"Le pr\u00e9sident no.made.lassos@gmail.com 06 09 03 33 83 Vers les sites des artistes en lien avec no-made Alain Baudry Joan Bettini Nathalie Broyelle Louis Doll\u00e9 Gabriel Fabre Christian Fulcheri Denis Gibelin Florence Guillemot Jean-Pierre Joly Mich\u00e8le Kleijnen Cl\u00e9mence Knaebel Andr\u00e9 Marzuk Veronique Roussiaux Oksana Sokolova Florent Testa Silva Usta Anne-Sophie\u2026","rel":"","context":"Article similaire","block_context":{"text":"Article similaire","link":""},"img":{"alt_text":"","src":"","width":0,"height":0},"classes":[]},{"id":1260,"url":"https:\/\/no-made.net\/index.php\/2021-2\/","url_meta":{"origin":869,"position":2},"title":"2021 : Jardins d&rsquo;Artistes","author":"no-made","date":"8 janvier 2021","format":false,"excerpt":"6 artistes ont pr\u00e9sent\u00e9 de nouvelles \u0153uvres \u00e0 l'Arboretum de Roure cette ann\u00e9e autour des \"r\u00e9sidentes\" ; Joan Bettini \/ Lorenzo Biagi \/ Sally Ducrow \/ Denis Gibelin \/ Mich\u00e8le Kleijnen. Nicolas Lavarenne pr\u00e9vu n'a pas pu nous rejoindre. Alain Baudry (Chercheur de son) a r\u00e9alis\u00e9 un prise de son\u2026","rel":"","context":"Article similaire","block_context":{"text":"Article similaire","link":""},"img":{"alt_text":"","src":"https:\/\/i0.wp.com\/no-made.net\/wp-content\/uploads\/2021\/06\/Site-1-1-scaled.jpg?resize=350%2C200","width":350,"height":200,"srcset":"https:\/\/i0.wp.com\/no-made.net\/wp-content\/uploads\/2021\/06\/Site-1-1-scaled.jpg?resize=350%2C200 1x, https:\/\/i0.wp.com\/no-made.net\/wp-content\/uploads\/2021\/06\/Site-1-1-scaled.jpg?resize=525%2C300 1.5x, https:\/\/i0.wp.com\/no-made.net\/wp-content\/uploads\/2021\/06\/Site-1-1-scaled.jpg?resize=700%2C400 2x, https:\/\/i0.wp.com\/no-made.net\/wp-content\/uploads\/2021\/06\/Site-1-1-scaled.jpg?resize=1050%2C600 3x, https:\/\/i0.wp.com\/no-made.net\/wp-content\/uploads\/2021\/06\/Site-1-1-scaled.jpg?resize=1400%2C800 4x"},"classes":[]},{"id":2495,"url":"https:\/\/no-made.net\/index.php\/2023-villa-thuret-adaptation\/","url_meta":{"origin":869,"position":3},"title":"2023 : Villa Thuret, Adaptation","author":"no-made","date":"18 janvier 2023","format":false,"excerpt":"Le catalogue-Villa-Thuret-2023 est en ligneR\u00e9alisation Denis Gibelin Cr\u00e9dit photos Franck FolletT\u00e9l\u00e9charger Quelques d\u00e9tails pendant l'installation. Les photos des \u0153uvres compl\u00e8tes ont \u00e9t\u00e9 r\u00e9alis\u00e9es par Franck Follet, photographe professionnel ... D\u00e9but d'expo le 2 mai - fin d'expo le 17 septembre 2023 Lien vers les photos de Franck Follet","rel":"","context":"Article similaire","block_context":{"text":"Article similaire","link":""},"img":{"alt_text":"","src":"https:\/\/i0.wp.com\/no-made.net\/wp-content\/uploads\/2023\/04\/P1060261.jpg?resize=350%2C200","width":350,"height":200,"srcset":"https:\/\/i0.wp.com\/no-made.net\/wp-content\/uploads\/2023\/04\/P1060261.jpg?resize=350%2C200 1x, https:\/\/i0.wp.com\/no-made.net\/wp-content\/uploads\/2023\/04\/P1060261.jpg?resize=525%2C300 1.5x, https:\/\/i0.wp.com\/no-made.net\/wp-content\/uploads\/2023\/04\/P1060261.jpg?resize=700%2C400 2x, https:\/\/i0.wp.com\/no-made.net\/wp-content\/uploads\/2023\/04\/P1060261.jpg?resize=1050%2C600 3x, https:\/\/i0.wp.com\/no-made.net\/wp-content\/uploads\/2023\/04\/P1060261.jpg?resize=1400%2C800 4x"},"classes":[]},{"id":955,"url":"https:\/\/no-made.net\/index.php\/cap-dail-2019-batir\/","url_meta":{"origin":869,"position":4},"title":"2019 : Cap d&rsquo;Ail, B\u00e2tir","author":"no-made","date":"1 octobre 2019","format":false,"excerpt":"Visite de l'exposition Caterina Aicardi Maria Amos Benoit Barbagli Tom Barbagli Joan Bettini Lorenzo Biagi Catherine Cotto Alex Devaud V\u00e9ronique et Jean Dalloni Louis Doll\u00e9 Gabriel Fabre Christian Fulcheri Denis Gibelin Florence Guillemot-Vilain Mary Joly Jean Pierre Joly Liselott Johnsson Mich\u00e8le Kleijnen Laurine Landry Marie France Lesn\u00e9 Fr\u00e9d\u00e9ric Falsetti St\u00e9phanie\u2026","rel":"","context":"Article similaire","block_context":{"text":"Article similaire","link":""},"img":{"alt_text":"","src":"https:\/\/i0.wp.com\/no-made.net\/wp-content\/uploads\/2019\/10\/Aicardi-web.jpg?resize=350%2C200","width":350,"height":200,"srcset":"https:\/\/i0.wp.com\/no-made.net\/wp-content\/uploads\/2019\/10\/Aicardi-web.jpg?resize=350%2C200 1x, https:\/\/i0.wp.com\/no-made.net\/wp-content\/uploads\/2019\/10\/Aicardi-web.jpg?resize=525%2C300 1.5x"},"classes":[]},{"id":1946,"url":"https:\/\/no-made.net\/index.php\/2022-2\/","url_meta":{"origin":869,"position":5},"title":"2022 : Substrat","author":"no-made","date":"6 janvier 2022","format":false,"excerpt":"L'Expo est ouverte tous les jours depuis le 4 septembre. Prochains \u00e9v\u00e8nements samedi 24 septembre 14h00 et 16h00, avant la fermeture de l'Expo le mardi 27 sept 2022 https:\/\/youtu.be\/Rri1yyX3qAo Entretiens avec les artistes (mise \u00e0 jour le 21 sept 2022) ... Les \u00e9v\u00e8nements ... Les artistes expos\u00e9s ... St\u00e9phanie Lobry\u2026","rel":"","context":"Article similaire","block_context":{"text":"Article similaire","link":""},"img":{"alt_text":"","src":"https:\/\/i0.wp.com\/no-made.net\/wp-content\/uploads\/2022\/09\/Carton-SUBSTRAT11-scaled.jpg?resize=350%2C200","width":350,"height":200,"srcset":"https:\/\/i0.wp.com\/no-made.net\/wp-content\/uploads\/2022\/09\/Carton-SUBSTRAT11-scaled.jpg?resize=350%2C200 1x, https:\/\/i0.wp.com\/no-made.net\/wp-content\/uploads\/2022\/09\/Carton-SUBSTRAT11-scaled.jpg?resize=525%2C300 1.5x, https:\/\/i0.wp.com\/no-made.net\/wp-content\/uploads\/2022\/09\/Carton-SUBSTRAT11-scaled.jpg?resize=700%2C400 2x, https:\/\/i0.wp.com\/no-made.net\/wp-content\/uploads\/2022\/09\/Carton-SUBSTRAT11-scaled.jpg?resize=1050%2C600 3x, https:\/\/i0.wp.com\/no-made.net\/wp-content\/uploads\/2022\/09\/Carton-SUBSTRAT11-scaled.jpg?resize=1400%2C800 4x"},"classes":[]}],"_links":{"self":[{"href":"https:\/\/no-made.net\/index.php\/wp-json\/wp\/v2\/pages\/869","targetHints":{"allow":["GET"]}}],"collection":[{"href":"https:\/\/no-made.net\/index.php\/wp-json\/wp\/v2\/pages"}],"about":[{"href":"https:\/\/no-made.net\/index.php\/wp-json\/wp\/v2\/types\/page"}],"author":[{"embeddable":true,"href":"https:\/\/no-made.net\/index.php\/wp-json\/wp\/v2\/users\/1"}],"replies":[{"embeddable":true,"href":"https:\/\/no-made.net\/index.php\/wp-json\/wp\/v2\/comments?post=869"}],"version-history":[{"count":5,"href":"https:\/\/no-made.net\/index.php\/wp-json\/wp\/v2\/pages\/869\/revisions"}],"predecessor-version":[{"id":876,"href":"https:\/\/no-made.net\/index.php\/wp-json\/wp\/v2\/pages\/869\/revisions\/876"}],"wp:attachment":[{"href":"https:\/\/no-made.net\/index.php\/wp-json\/wp\/v2\/media?parent=869"}],"curies":[{"name":"wp","href":"https:\/\/api.w.org\/{rel}","templated":true}]}}